{"id":1252,"date":"2019-10-04T21:16:10","date_gmt":"2019-10-04T21:16:10","guid":{"rendered":"https:\/\/patrimoineduquebec.com\/GaresduQuebec\/?page_id=1252"},"modified":"2023-08-08T17:30:41","modified_gmt":"2023-08-08T17:30:41","slug":"lac-aux-sables","status":"publish","type":"page","link":"https:\/\/patrimoineduquebec.com\/GaresduQuebec\/lac-aux-sables\/","title":{"rendered":"Lac-aux-Sables"},"content":{"rendered":"\n<p class=\"has-text-align-center has-medium-font-size\"><strong>Gare de Hervey-Jonction<\/strong><\/p>\n\n\n\n<div class=\"wp-block-image\"><figure class=\"aligncenter\"><a href=\"https:\/\/patrimoineduquebec.com\/GaresduQuebec\/wp-content\/uploads\/2019\/10\/lac-aux-sables-hervey-jonction-G\u00e9rald-Arbour-N3.jpeg\"><img loading=\"lazy\" decoding=\"async\" width=\"1024\" height=\"768\" src=\"https:\/\/patrimoineduquebec.com\/GaresduQuebec\/wp-content\/uploads\/2019\/10\/lac-aux-sables-hervey-jonction-G\u00e9rald-Arbour-N3-1024x768.jpeg\" alt=\"\" class=\"wp-image-1253\" srcset=\"https:\/\/patrimoineduquebec.com\/GaresduQuebec\/wp-content\/uploads\/2019\/10\/lac-aux-sables-hervey-jonction-G\u00e9rald-Arbour-N3-1024x768.jpeg 1024w, https:\/\/patrimoineduquebec.com\/GaresduQuebec\/wp-content\/uploads\/2019\/10\/lac-aux-sables-hervey-jonction-G\u00e9rald-Arbour-N3-300x225.jpeg 300w, https:\/\/patrimoineduquebec.com\/GaresduQuebec\/wp-content\/uploads\/2019\/10\/lac-aux-sables-hervey-jonction-G\u00e9rald-Arbour-N3-768x576.jpeg 768w\" sizes=\"auto, (max-width: 1024px) 100vw, 1024px\" \/><\/a><\/figure><\/div>\n\n\n\n<h4 class=\"wp-block-heading\"><strong>Informations historiques<\/strong><\/h4>\n\n\n\n<p>La gare d&rsquo;Hervey-Jonction pourrait avoir \u00e9t\u00e9 construite vers 1910 par la Canadian Northern Railway (Canadien Nord). Hervey-Jonction est alors le point de jonction de deux importantes lignes ferroviaires, soit celle du Canadien Nord qui va de Montr\u00e9al au Lac-Saint-Jean et celle du National Transcontinental qui part de Qu\u00e9bec vers Cochrane (et l&rsquo;Ouest canadien) via l&rsquo;Abitibi. La gare a \u00e9t\u00e9 d\u00e9m\u00e9nag\u00e9e d&rsquo;une centaine de m\u00e8tres de son lieu d&rsquo;origine. Il s&rsquo;agit d&rsquo;un \u00e9l\u00e9ment important du d\u00e9but de la colonisation de l&rsquo;Abitibi car tous les nouveaux colons partaient de cette gare. Chilion Longley Hervey (1872-1952), d&rsquo;o\u00f9 semble-t-il vient le nom d&rsquo;Hervey-Jonction, \u00e9tait ing\u00e9nieur civil pour la compagnie de chemin de fer.<\/p>\n\n\n\n<h4 class=\"wp-block-heading\"><strong>\u00c9valuation d&rsquo;inventaire<\/strong><\/h4>\n\n\n\n<p class=\"has-vivid-cyan-blue-color has-text-color\"><a href=\"http:\/\/www.patrimoine-culturel.gouv.qc.ca\/detailInventaire.do?methode=consulter&amp;id=1593&amp;type=inv\" target=\"_blank\" rel=\"noreferrer noopener\" aria-label=\"Inventaire du patrimoine b\u00e2ti de la MRC de M\u00e9kinac&nbsp;(2016 - 2017)&nbsp; (s\u2019ouvre dans un nouvel onglet)\">Inventaire du patrimoine b\u00e2ti de la MRC de M\u00e9kinac&nbsp;(2016 &#8211; 2017)&nbsp;<\/a><br>MRC de M\u00e9kinac<br><\/p>\n\n\n\n<p>La valeur patrimoniale sup\u00e9rieure de ce b\u00e2timent repose sur toutes les valeurs. Il s&rsquo;agit de la gare d&rsquo;Hervey-Jonction construite par la compagnie de chemin de fer Canadien Nord. Le style architectural de cette gare est rattach\u00e9 \u00e0 l&rsquo;architecture pittoresque du courant victorien, tendance architecturale tr\u00e8s bien repr\u00e9sent\u00e9e dans les gares au Qu\u00e9bec construites entre la fin du 19e si\u00e8cle et le d\u00e9but du 20e si\u00e8cle. La gare d&rsquo;Hervey-Jonction est la seule gare ancienne encore debout de la MRC de M\u00e9kinac; toutes les autres ayant vu leur gare d\u00e9molie ou transform\u00e9e. Cette gare peut ainsi t\u00e9moigner de l&rsquo;importance du r\u00e9seau ferroviaire dans le d\u00e9veloppement du Qu\u00e9bec et de la r\u00e9gion mauricienne. Par ailleurs, le b\u00e2timent poss\u00e8de plusieurs composantes anciennes qui m\u00e9ritent d&rsquo;\u00eatre pr\u00e9serv\u00e9es. Il poss\u00e8de \u00e9galement un excellent potentiel de mise en valeur. Enfin, la gare est positionn\u00e9e entre la voie de chemin de fer et la route, sur son emplacement d&rsquo;origine.<\/p>\n\n\n\n<p class=\"has-vivid-cyan-blue-color has-text-color\">Source :<a href=\"http:\/\/www.patrimoine-culturel.gouv.qc.ca\/detail.do?methode=consulter&amp;id=209660&amp;type=bien#.XZyxmy17RQN\" target=\"_blank\" rel=\"noreferrer noopener\" aria-label=\" R\u00e9pertoire du patrimoine culturel du Qu\u00e9bec (s\u2019ouvre dans un nouvel onglet)\"> R\u00e9pertoire du patrimoine culturel du Qu\u00e9bec<\/a><\/p>\n\n\n\n<p>Photos : G\u00e9rald Arbour<\/p>\n\n\n\n<figure class=\"wp-block-gallery columns-3 is-cropped wp-block-gallery-1 is-layout-flex wp-block-gallery-is-layout-flex\"><ul class=\"blocks-gallery-grid\"><li class=\"blocks-gallery-item\"><figure><a href=\"https:\/\/patrimoineduquebec.com\/GaresduQuebec\/wp-content\/uploads\/2019\/10\/lac-aux-sables-hervey-jonction-G\u00e9rald-Arbour-N3-2-1024x768.jpeg\"><img loading=\"lazy\" decoding=\"async\" width=\"1024\" height=\"768\" src=\"https:\/\/patrimoineduquebec.com\/GaresduQuebec\/wp-content\/uploads\/2019\/10\/lac-aux-sables-hervey-jonction-G\u00e9rald-Arbour-N3-2-1024x768.jpeg\" alt=\"\" data-id=\"1254\" data-link=\"https:\/\/patrimoineduquebec.com\/GaresduQuebec\/lac-aux-sables\/lac-aux-sables-hervey-jonction-gerald-arbour-n3-2\/\" class=\"wp-image-1254\" srcset=\"https:\/\/patrimoineduquebec.com\/GaresduQuebec\/wp-content\/uploads\/2019\/10\/lac-aux-sables-hervey-jonction-G\u00e9rald-Arbour-N3-2-1024x768.jpeg 1024w, https:\/\/patrimoineduquebec.com\/GaresduQuebec\/wp-content\/uploads\/2019\/10\/lac-aux-sables-hervey-jonction-G\u00e9rald-Arbour-N3-2-300x225.jpeg 300w, https:\/\/patrimoineduquebec.com\/GaresduQuebec\/wp-content\/uploads\/2019\/10\/lac-aux-sables-hervey-jonction-G\u00e9rald-Arbour-N3-2-768x576.jpeg 768w\" sizes=\"auto, (max-width: 1024px) 100vw, 1024px\" \/><\/a><\/figure><\/li><li class=\"blocks-gallery-item\"><figure><a href=\"https:\/\/patrimoineduquebec.com\/GaresduQuebec\/wp-content\/uploads\/2019\/10\/lac-aux-sables-hervey-jonction-G\u00e9rald-Arbour-N1-1024x768.jpeg\"><img loading=\"lazy\" decoding=\"async\" width=\"1024\" height=\"768\" src=\"https:\/\/patrimoineduquebec.com\/GaresduQuebec\/wp-content\/uploads\/2019\/10\/lac-aux-sables-hervey-jonction-G\u00e9rald-Arbour-N1-1024x768.jpeg\" alt=\"\" data-id=\"1255\" data-link=\"https:\/\/patrimoineduquebec.com\/GaresduQuebec\/lac-aux-sables\/lac-aux-sables-hervey-jonction-gerald-arbour-n1\/\" class=\"wp-image-1255\" srcset=\"https:\/\/patrimoineduquebec.com\/GaresduQuebec\/wp-content\/uploads\/2019\/10\/lac-aux-sables-hervey-jonction-G\u00e9rald-Arbour-N1-1024x768.jpeg 1024w, https:\/\/patrimoineduquebec.com\/GaresduQuebec\/wp-content\/uploads\/2019\/10\/lac-aux-sables-hervey-jonction-G\u00e9rald-Arbour-N1-300x225.jpeg 300w, https:\/\/patrimoineduquebec.com\/GaresduQuebec\/wp-content\/uploads\/2019\/10\/lac-aux-sables-hervey-jonction-G\u00e9rald-Arbour-N1-768x576.jpeg 768w\" sizes=\"auto, (max-width: 1024px) 100vw, 1024px\" \/><\/a><\/figure><\/li><li class=\"blocks-gallery-item\"><figure><a href=\"https:\/\/patrimoineduquebec.com\/GaresduQuebec\/wp-content\/uploads\/2019\/10\/AA-gare-de-hervey-jonction-culture-mauricie.png\"><img loading=\"lazy\" decoding=\"async\" width=\"800\" height=\"533\" src=\"https:\/\/patrimoineduquebec.com\/GaresduQuebec\/wp-content\/uploads\/2019\/10\/AA-gare-de-hervey-jonction-culture-mauricie.png\" alt=\"\" data-id=\"1544\" data-link=\"https:\/\/patrimoineduquebec.com\/GaresduQuebec\/lac-aux-sables\/aa-gare-de-hervey-jonction-culture-mauricie\/\" class=\"wp-image-1544\" srcset=\"https:\/\/patrimoineduquebec.com\/GaresduQuebec\/wp-content\/uploads\/2019\/10\/AA-gare-de-hervey-jonction-culture-mauricie.png 800w, https:\/\/patrimoineduquebec.com\/GaresduQuebec\/wp-content\/uploads\/2019\/10\/AA-gare-de-hervey-jonction-culture-mauricie-300x200.png 300w, https:\/\/patrimoineduquebec.com\/GaresduQuebec\/wp-content\/uploads\/2019\/10\/AA-gare-de-hervey-jonction-culture-mauricie-768x512.png 768w\" sizes=\"auto, (max-width: 800px) 100vw, 800px\" \/><\/a><figcaption class=\"blocks-gallery-item__caption\">Culture Mauricie<\/figcaption><\/figure><\/li><\/ul><\/figure>\n","protected":false},"excerpt":{"rendered":"<p>Gare de Hervey-Jonction Informations historiques La gare d&rsquo;Hervey-Jonction pourrait avoir \u00e9t\u00e9 construite vers 1910 par la Canadian Northern Railway (Canadien Nord). Hervey-Jonction est alors le point de jonction de deux importantes lignes ferroviaires, soit celle du Canadien Nord qui va de Montr\u00e9al au Lac-Saint-Jean et celle du National Transcontinental qui part de Qu\u00e9bec vers Cochrane [&hellip;]<\/p>\n","protected":false},"author":1,"featured_media":0,"parent":0,"menu_order":0,"comment_status":"closed","ping_status":"closed","template":"","meta":{"footnotes":""},"class_list":["post-1252","page","type-page","status-publish","hentry"],"_links":{"self":[{"href":"https:\/\/patrimoineduquebec.com\/GaresduQuebec\/wp-json\/wp\/v2\/pages\/1252","targetHints":{"allow":["GET"]}}],"collection":[{"href":"https:\/\/patrimoineduquebec.com\/GaresduQuebec\/wp-json\/wp\/v2\/pages"}],"about":[{"href":"https:\/\/patrimoineduquebec.com\/GaresduQuebec\/wp-json\/wp\/v2\/types\/page"}],"author":[{"embeddable":true,"href":"https:\/\/patrimoineduquebec.com\/GaresduQuebec\/wp-json\/wp\/v2\/users\/1"}],"replies":[{"embeddable":true,"href":"https:\/\/patrimoineduquebec.com\/GaresduQuebec\/wp-json\/wp\/v2\/comments?post=1252"}],"version-history":[{"count":8,"href":"https:\/\/patrimoineduquebec.com\/GaresduQuebec\/wp-json\/wp\/v2\/pages\/1252\/revisions"}],"predecessor-version":[{"id":2121,"href":"https:\/\/patrimoineduquebec.com\/GaresduQuebec\/wp-json\/wp\/v2\/pages\/1252\/revisions\/2121"}],"wp:attachment":[{"href":"https:\/\/patrimoineduquebec.com\/GaresduQuebec\/wp-json\/wp\/v2\/media?parent=1252"}],"curies":[{"name":"wp","href":"https:\/\/api.w.org\/{rel}","templated":true}]}}