{"id":1178,"date":"2019-10-03T15:49:25","date_gmt":"2019-10-03T15:49:25","guid":{"rendered":"https:\/\/patrimoineduquebec.com\/GaresduQuebec\/?page_id=1178"},"modified":"2019-10-03T15:51:49","modified_gmt":"2019-10-03T15:51:49","slug":"lac-megantic","status":"publish","type":"page","link":"https:\/\/patrimoineduquebec.com\/GaresduQuebec\/lac-megantic\/","title":{"rendered":"Lac-M\u00e9gantic"},"content":{"rendered":"\n<div class=\"wp-block-image\"><figure class=\"aligncenter\"><a href=\"https:\/\/patrimoineduquebec.com\/GaresduQuebec\/wp-content\/uploads\/2019\/10\/gare-de-lac-m\u00e9gantic-G\u00e9rald-Arbour-N10.jpeg\"><img loading=\"lazy\" decoding=\"async\" width=\"1024\" height=\"768\" src=\"https:\/\/patrimoineduquebec.com\/GaresduQuebec\/wp-content\/uploads\/2019\/10\/gare-de-lac-m\u00e9gantic-G\u00e9rald-Arbour-N10-1024x768.jpeg\" alt=\"\" class=\"wp-image-1179\" srcset=\"https:\/\/patrimoineduquebec.com\/GaresduQuebec\/wp-content\/uploads\/2019\/10\/gare-de-lac-m\u00e9gantic-G\u00e9rald-Arbour-N10-1024x768.jpeg 1024w, https:\/\/patrimoineduquebec.com\/GaresduQuebec\/wp-content\/uploads\/2019\/10\/gare-de-lac-m\u00e9gantic-G\u00e9rald-Arbour-N10-300x225.jpeg 300w, https:\/\/patrimoineduquebec.com\/GaresduQuebec\/wp-content\/uploads\/2019\/10\/gare-de-lac-m\u00e9gantic-G\u00e9rald-Arbour-N10-768x576.jpeg 768w\" sizes=\"auto, (max-width: 1024px) 100vw, 1024px\" \/><\/a><\/figure><\/div>\n\n\n\n<h4 class=\"wp-block-heading\"><strong>Description<\/strong><\/h4>\n\n\n\n<p>La gare ferroviaire de Lac-M\u00e9gantic est un \u00e9difice en brique \u00e9rig\u00e9 en 1926 et 1927 et agrandi en 1956. Le b\u00e2timent pr\u00e9sente un plan rectangulaire allong\u00e9 \u00e0 un \u00e9tage et est coiff\u00e9 d&rsquo;un toit \u00e0 croupes se prolongeant au-del\u00e0 des murs. Ses larges avant-toits sont support\u00e9s par de grandes consoles. La fa\u00e7ade comprend une tour excentr\u00e9e, de plan carr\u00e9 \u00e0 deux \u00e9tages, couronn\u00e9e d&rsquo;un toit en pavillon. Une annexe \u00e0 un \u00e9tage recouvert d&rsquo;un toit \u00e0 croupes plus \u00e9lev\u00e9 que celui du corps principal est construite \u00e0 l&rsquo;extr\u00e9mit\u00e9 nord-ouest de l&rsquo;\u00e9difice. La gare ferroviaire est implant\u00e9e en retrait de la voie publique, sur un terrain d\u00e9gag\u00e9 situ\u00e9 derri\u00e8re un parc municipal, au coeur du quartier commercial de Lac-M\u00e9gantic.<br><br>Ce bien est cit\u00e9 immeuble patrimonial. La protection s&rsquo;applique \u00e0 l&rsquo;enveloppe ext\u00e9rieure du b\u00e2timent.<\/p>\n\n\n\n<h4 class=\"wp-block-heading\"><strong>Valeur patrimoniale<\/strong><\/h4>\n\n\n\n<p>La gare ferroviaire de Lac-M\u00e9gantic pr\u00e9sente un int\u00e9r\u00eat patrimonial pour sa valeur architecturale. L&rsquo;\u00e9difice s&rsquo;inspire d&rsquo;un mod\u00e8le utilis\u00e9 \u00e0 quelques reprises par la compagnie ferroviaire Canadien Pacifique (CP) dans les trois premi\u00e8res d\u00e9cennies du XXe si\u00e8cle, notamment pour les gares de Westmount (1908) et de Sherbrooke (vers 1910). Ces gares, g\u00e9n\u00e9ralement construites dans un centre urbain, sont caract\u00e9ris\u00e9es par leurs grandes dimensions et leurs murs en ma\u00e7onnerie de pierres ou de briques. De plus, leur plan pr\u00e9sente une certaine complexit\u00e9 en raison de la juxtaposition de plusieurs volumes diff\u00e9rents. La partie sud-est de la gare ferroviaire de Lac-M\u00e9gantic correspond \u00e0 l&rsquo;\u00e9difice original construit en 1926 et 1927. Le b\u00e2timent, de plan rectangulaire \u00e0 un \u00e9tage, coiff\u00e9 d&rsquo;un toit \u00e0 croupes et dot\u00e9 d&rsquo;une tour excentr\u00e9e \u00e0 deux \u00e9tages correspond d\u00e9j\u00e0 \u00e0 ce mod\u00e8le, notamment par ses dimensions importantes et ses murs en brique. Un b\u00e2timent secondaire est \u00e9rig\u00e9 en 1930 du c\u00f4t\u00e9 nord-ouest en respectant le style de la gare. Les deux \u00e9difices sont reli\u00e9s en 1956. Le b\u00e2timent actuel pr\u00e9sente une combinaison de plusieurs volumes homog\u00e8nes, qui s&rsquo;inscrit tout \u00e0 fait dans l&rsquo;esprit de ce mod\u00e8le de gares.<br><br>La gare de Lac-M\u00e9gantic pr\u00e9sente \u00e9galement un int\u00e9r\u00eat patrimonial pour sa valeur historique. Elle joue un r\u00f4le pr\u00e9pond\u00e9rant dans l&rsquo;histoire locale. La compagnie du chemin de fer international de Saint-Fran\u00e7ois et M\u00e9gantic pose les premiers rails vers 1875, atteint Lac-M\u00e9gantic en 1879 et le Maine en 1886. La ligne ferroviaire est rachet\u00e9e en 1887 par le CP qui prolonge la liaison de Lac-M\u00e9gantic jusqu&rsquo;au Nouveau-Brunswick. En 1894, le Quebec Central Railway (QCR) relie l&rsquo;est de la r\u00e9gion des Cantons-de-l&rsquo;Est \u00e0 celle de la Beauce. Lac-M\u00e9gantic est situ\u00e9 sur l&rsquo;axe de transport le plus important de l&rsquo;\u00e9poque au pays et constitue un point divisionnaire pour deux compagnies de chemin de fer. Ainsi, l&rsquo;entretien des voies et les ateliers de r\u00e9paration des locomotives et des wagons assurent un emploi \u00e0 de nombreux travailleurs jusqu&rsquo;en 1930. Diverses industries viennent alors s&rsquo;installer dans la r\u00e9gion. La gare actuelle est construite en 1926 et 1927 pour remplacer un b\u00e2timent v\u00e9tuste \u00e9rig\u00e9 en 1889. C&rsquo;est l&rsquo;\u00e9poque o\u00f9 le transport ferroviaire atteint son apog\u00e9e. Ses dimensions imposantes t\u00e9moignent \u00e9galement d&rsquo;une p\u00e9riode de prosp\u00e9rit\u00e9 et d&rsquo;expansion du CP. Cette compagnie contr\u00f4le alors une grande partie du trafic ferroviaire dans l&rsquo;est du pays. Lac-M\u00e9gantic en constitue un point important. De plus, l&#8217;emplacement de la gare influence le d\u00e9veloppement urbain de la municipalit\u00e9. En effet, les activit\u00e9s commerciales et industrielles se concentrent dans ce secteur. Sa pr\u00e9sence dans le coeur de la ville rappelle l&rsquo;importance du chemin de fer dans l&rsquo;\u00e9conomie de la municipalit\u00e9. Lac-M\u00e9gantic a longtemps constitu\u00e9 une plaque tournante du r\u00e9seau ferroviaire de la r\u00e9gion.<br><br>Source : Ville de Lac-M\u00e9gantic, 2007.<\/p>\n\n\n\n<h4 class=\"wp-block-heading\"><strong>\u00c9l\u00e9ments caract\u00e9ristiques<\/strong><\/h4>\n\n\n\n<p>Les \u00e9l\u00e9ments caract\u00e9ristiques de la gare ferroviaire de Lac-M\u00e9gantic li\u00e9s \u00e0 ses valeurs architecturale et historique comprennent, notamment :<br>&#8211; son volume, dont le plan rectangulaire allong\u00e9, l&rsquo;\u00e9l\u00e9vation d&rsquo;un \u00e9tage et le toit \u00e0 croupes aux avant-toits d\u00e9bordants;<br>&#8211; la tour excentr\u00e9e, dont le plan carr\u00e9, l&rsquo;\u00e9l\u00e9vation de deux \u00e9tages ainsi que le toit en pavillon;<br>&#8211; l&rsquo;annexe, dont le plan rectangulaire, l&rsquo;\u00e9l\u00e9vation \u00e0 un \u00e9tage, le toit \u00e0 croupes aux avant-toits d\u00e9bordants;<br>&#8211; les mat\u00e9riaux, dont les fondations et certaines composantes en b\u00e9ton, le parement en brique et les \u00e9l\u00e9ments menuis\u00e9s;<br>&#8211; les ouvertures, dont les grandes fen\u00eatres \u00e0 arc surbaiss\u00e9 et \u00e0 trois sections verticales, les fen\u00eatres rectangulaires \u00e0 guillotine et \u00e0 petits carreaux (regroup\u00e9es par trois), les portes \u00e0 panneaux surmont\u00e9es d&rsquo;une imposte (certaines \u00e0 baies lat\u00e9rales) ainsi que les chambranles;&nbsp;<br>&#8211; l&rsquo;ornementation, dont les grandes consoles, les petites consoles jumel\u00e9es, la corniche, les plates-bandes en brique ainsi que l&rsquo;assemblage d\u00e9coratif de la brique sur la tour;<br>&#8211; les chevrons apparents;<br>&#8211; les deux souches de chemin\u00e9e en brique;<br>&#8211; sa situation en retrait de la voie publique, derri\u00e8re un parc municipal, au coeur d&rsquo;un secteur commercial de la ville.<\/p>\n\n\n\n<h4 class=\"wp-block-heading\"><strong>Informations historiques<\/strong><\/h4>\n\n\n\n<p>La gare ferroviaire de Lac-M\u00e9gantic est issue du d\u00e9veloppement du r\u00e9seau ferroviaire de la compagnie du chemin de fer international de Saint-Fran\u00e7ois et M\u00e9gantic. Celle-ci pose les premiers rails vers 1875, atteint Lac-M\u00e9gantic en 1879 et le Maine en 1886. La ligne ferroviaire est rachet\u00e9e en 1887 par le Canadien Pacifique (CP) qui prolonge la liaison de Lac-M\u00e9gantic jusqu&rsquo;au Nouveau-Brunswick. En 1894, la compagnie Quebec Central Railway (QCR) relie l&rsquo;est de la r\u00e9gion des Cantons-de-l&rsquo;Est \u00e0 celle de la Beauce. En 1889, le CP construit une premi\u00e8re gare en bois \u00e0 Lac-M\u00e9gantic. L&rsquo;entretien de la voie ferr\u00e9e, les ateliers de r\u00e9paration de locomotives et des wagons ainsi que les divers services ferroviaires cr\u00e9ent beaucoup d&#8217;emplois jusque vers 1930. La position strat\u00e9gique de Lac-M\u00e9gantic dans le r\u00e9seau ferroviaire lui conf\u00e8re une grande importance. Durant le premier tiers du XXe si\u00e8cle, le CP contr\u00f4le le trafic ferroviaire dans l&rsquo;est du pays et entre dans une p\u00e9riode d&rsquo;expansion. La v\u00e9tust\u00e9 de la premi\u00e8re gare, s\u00e9rieusement endommag\u00e9e par deux incendies, incite la compagnie ferroviaire \u00e0 \u00e9riger un nouveau b\u00e2timent.<br><br>La gare ferroviaire de Lac-M\u00e9gantic est construite en 1926 et 1927 d&rsquo;apr\u00e8s un mod\u00e8le de gares utilis\u00e9 \u00e0 quelques reprises par le CP au cours des trois premi\u00e8res d\u00e9cennies du XXe si\u00e8cle. Les gares de ce mod\u00e8le, g\u00e9n\u00e9ralement construites en milieu urbain, sont caract\u00e9ris\u00e9es par leurs grandes dimensions et leurs murs en ma\u00e7onnerie de pierres ou de briques. Aussi, plusieurs volumes diff\u00e9rents sont agenc\u00e9s, cr\u00e9ant une certaine complexit\u00e9 d&rsquo;ensemble.<br><br>La partie sud-est de la gare ferroviaire de Lac-M\u00e9gantic est \u00e9rig\u00e9e en 1926 et 1927. Elle est constitu\u00e9e d&rsquo;un corps de b\u00e2timent rectangulaire \u00e0 un \u00e9tage et compl\u00e9t\u00e9e d&rsquo;une tour excentr\u00e9e \u00e0 deux \u00e9tages. En 1930, un poste de transmission est \u00e9rig\u00e9 \u00e0 proximit\u00e9. Les deux \u00e9difices sont reli\u00e9s en 1956.<br><br>En 1959, le QCR supprime son service pour les passagers, puis abandonne compl\u00e8tement la voie ferr\u00e9e desservant la Beauce et la r\u00e9gion de Qu\u00e9bec en 1972. En 1981, les trains de voyageurs disparaissent \u00e9galement sur la ligne du CP. La compagnie Via Rail reprend le service vers 1985, puis le d\u00e9laisse \u00e0 son tour en 1994. En 1995, la gare de Lac-M\u00e9gantic est vendue \u00e0 la compagnie de chemin de fer Montr\u00e9al, Maine and Atlantic, dont le personnel occupe l&rsquo;aile nord du b\u00e2timent.<br><br>En 1996, la gare est d\u00e9sign\u00e9e gare ferroviaire patrimoniale.&nbsp;<br><br>La gare ferroviaire de Lac-M\u00e9gantic est cit\u00e9e en 2001. En 2007, la municipalit\u00e9 ach\u00e8te l&rsquo;\u00e9difice et proc\u00e8de \u00e0 sa restauration et \u00e0 son recyclage.<\/p>\n\n\n\n<p class=\"has-text-color has-vivid-cyan-blue-color\">Sourc<a href=\"http:\/\/www.patrimoine-culturel.gouv.qc.ca\/rpcq\/detail.do?methode=consulter&amp;id=93405&amp;type=bien#.XZYPJy17RQM\" target=\"_blank\" rel=\"noreferrer noopener\" aria-label=\"e : R\u00e9pertoire du patrimoine culturel du Qu\u00e9bec (s\u2019ouvre dans un nouvel onglet)\">e : R\u00e9pertoire du patrimoine culturel du Qu\u00e9bec<\/a><\/p>\n\n\n\n<p>Photos : G\u00e9rald Arbour<\/p>\n\n\n\n<ul class=\"wp-block-gallery columns-3 is-cropped wp-block-gallery-1 is-layout-flex wp-block-gallery-is-layout-flex\"><li class=\"blocks-gallery-item\"><figure><a href=\"https:\/\/patrimoineduquebec.com\/GaresduQuebec\/wp-content\/uploads\/2019\/10\/gare-de-lac-m\u00e9gantic-G\u00e9rald-Arbour-N2-1024x768.jpeg\"><img loading=\"lazy\" decoding=\"async\" width=\"1024\" height=\"768\" src=\"https:\/\/patrimoineduquebec.com\/GaresduQuebec\/wp-content\/uploads\/2019\/10\/gare-de-lac-m\u00e9gantic-G\u00e9rald-Arbour-N2-1024x768.jpeg\" alt=\"\" data-id=\"1180\" data-link=\"https:\/\/patrimoineduquebec.com\/GaresduQuebec\/?attachment_id=1180\" class=\"wp-image-1180\" srcset=\"https:\/\/patrimoineduquebec.com\/GaresduQuebec\/wp-content\/uploads\/2019\/10\/gare-de-lac-m\u00e9gantic-G\u00e9rald-Arbour-N2-1024x768.jpeg 1024w, https:\/\/patrimoineduquebec.com\/GaresduQuebec\/wp-content\/uploads\/2019\/10\/gare-de-lac-m\u00e9gantic-G\u00e9rald-Arbour-N2-300x225.jpeg 300w, https:\/\/patrimoineduquebec.com\/GaresduQuebec\/wp-content\/uploads\/2019\/10\/gare-de-lac-m\u00e9gantic-G\u00e9rald-Arbour-N2-768x576.jpeg 768w\" sizes=\"auto, (max-width: 1024px) 100vw, 1024px\" \/><\/a><\/figure><\/li><li class=\"blocks-gallery-item\"><figure><a href=\"https:\/\/patrimoineduquebec.com\/GaresduQuebec\/wp-content\/uploads\/2019\/10\/gare-de-lac-m\u00e9gantic-G\u00e9rald-Arbour-N4-1024x768.jpeg\"><img loading=\"lazy\" decoding=\"async\" width=\"1024\" height=\"768\" src=\"https:\/\/patrimoineduquebec.com\/GaresduQuebec\/wp-content\/uploads\/2019\/10\/gare-de-lac-m\u00e9gantic-G\u00e9rald-Arbour-N4-1024x768.jpeg\" alt=\"\" data-id=\"1181\" data-link=\"https:\/\/patrimoineduquebec.com\/GaresduQuebec\/?attachment_id=1181\" class=\"wp-image-1181\" srcset=\"https:\/\/patrimoineduquebec.com\/GaresduQuebec\/wp-content\/uploads\/2019\/10\/gare-de-lac-m\u00e9gantic-G\u00e9rald-Arbour-N4-1024x768.jpeg 1024w, https:\/\/patrimoineduquebec.com\/GaresduQuebec\/wp-content\/uploads\/2019\/10\/gare-de-lac-m\u00e9gantic-G\u00e9rald-Arbour-N4-300x225.jpeg 300w, https:\/\/patrimoineduquebec.com\/GaresduQuebec\/wp-content\/uploads\/2019\/10\/gare-de-lac-m\u00e9gantic-G\u00e9rald-Arbour-N4-768x576.jpeg 768w\" sizes=\"auto, (max-width: 1024px) 100vw, 1024px\" \/><\/a><\/figure><\/li><li class=\"blocks-gallery-item\"><figure><a href=\"https:\/\/patrimoineduquebec.com\/GaresduQuebec\/wp-content\/uploads\/2019\/10\/gare-de-lac-m\u00e9gantic-G\u00e9rald-Arbour-N11-1024x768.jpeg\"><img loading=\"lazy\" decoding=\"async\" width=\"1024\" height=\"768\" src=\"https:\/\/patrimoineduquebec.com\/GaresduQuebec\/wp-content\/uploads\/2019\/10\/gare-de-lac-m\u00e9gantic-G\u00e9rald-Arbour-N11-1024x768.jpeg\" alt=\"\" data-id=\"1182\" data-link=\"https:\/\/patrimoineduquebec.com\/GaresduQuebec\/?attachment_id=1182\" class=\"wp-image-1182\" srcset=\"https:\/\/patrimoineduquebec.com\/GaresduQuebec\/wp-content\/uploads\/2019\/10\/gare-de-lac-m\u00e9gantic-G\u00e9rald-Arbour-N11-1024x768.jpeg 1024w, https:\/\/patrimoineduquebec.com\/GaresduQuebec\/wp-content\/uploads\/2019\/10\/gare-de-lac-m\u00e9gantic-G\u00e9rald-Arbour-N11-300x225.jpeg 300w, https:\/\/patrimoineduquebec.com\/GaresduQuebec\/wp-content\/uploads\/2019\/10\/gare-de-lac-m\u00e9gantic-G\u00e9rald-Arbour-N11-768x576.jpeg 768w\" sizes=\"auto, (max-width: 1024px) 100vw, 1024px\" \/><\/a><\/figure><\/li><li class=\"blocks-gallery-item\"><figure><a href=\"https:\/\/patrimoineduquebec.com\/GaresduQuebec\/wp-content\/uploads\/2019\/10\/2640307_1.jpeg\"><img loading=\"lazy\" decoding=\"async\" width=\"994\" height=\"647\" src=\"https:\/\/patrimoineduquebec.com\/GaresduQuebec\/wp-content\/uploads\/2019\/10\/2640307_1.jpeg\" alt=\"\" data-id=\"1183\" data-link=\"https:\/\/patrimoineduquebec.com\/GaresduQuebec\/?attachment_id=1183\" class=\"wp-image-1183\" srcset=\"https:\/\/patrimoineduquebec.com\/GaresduQuebec\/wp-content\/uploads\/2019\/10\/2640307_1.jpeg 994w, https:\/\/patrimoineduquebec.com\/GaresduQuebec\/wp-content\/uploads\/2019\/10\/2640307_1-300x195.jpeg 300w, https:\/\/patrimoineduquebec.com\/GaresduQuebec\/wp-content\/uploads\/2019\/10\/2640307_1-768x500.jpeg 768w\" sizes=\"auto, (max-width: 994px) 100vw, 994px\" \/><\/a><figcaption>BAnQ (CP12564CON)<\/figcaption><\/figure><\/li><\/ul>\n","protected":false},"excerpt":{"rendered":"<p>Description La gare ferroviaire de Lac-M\u00e9gantic est un \u00e9difice en brique \u00e9rig\u00e9 en 1926 et 1927 et agrandi en 1956. Le b\u00e2timent pr\u00e9sente un plan rectangulaire allong\u00e9 \u00e0 un \u00e9tage et est coiff\u00e9 d&rsquo;un toit \u00e0 croupes se prolongeant au-del\u00e0 des murs. Ses larges avant-toits sont support\u00e9s par de grandes consoles. La fa\u00e7ade comprend une [&hellip;]<\/p>\n","protected":false},"author":1,"featured_media":0,"parent":0,"menu_order":0,"comment_status":"closed","ping_status":"closed","template":"","meta":{"footnotes":""},"class_list":["post-1178","page","type-page","status-publish","hentry"],"_links":{"self":[{"href":"https:\/\/patrimoineduquebec.com\/GaresduQuebec\/wp-json\/wp\/v2\/pages\/1178","targetHints":{"allow":["GET"]}}],"collection":[{"href":"https:\/\/patrimoineduquebec.com\/GaresduQuebec\/wp-json\/wp\/v2\/pages"}],"about":[{"href":"https:\/\/patrimoineduquebec.com\/GaresduQuebec\/wp-json\/wp\/v2\/types\/page"}],"author":[{"embeddable":true,"href":"https:\/\/patrimoineduquebec.com\/GaresduQuebec\/wp-json\/wp\/v2\/users\/1"}],"replies":[{"embeddable":true,"href":"https:\/\/patrimoineduquebec.com\/GaresduQuebec\/wp-json\/wp\/v2\/comments?post=1178"}],"version-history":[{"count":2,"href":"https:\/\/patrimoineduquebec.com\/GaresduQuebec\/wp-json\/wp\/v2\/pages\/1178\/revisions"}],"predecessor-version":[{"id":1187,"href":"https:\/\/patrimoineduquebec.com\/GaresduQuebec\/wp-json\/wp\/v2\/pages\/1178\/revisions\/1187"}],"wp:attachment":[{"href":"https:\/\/patrimoineduquebec.com\/GaresduQuebec\/wp-json\/wp\/v2\/media?parent=1178"}],"curies":[{"name":"wp","href":"https:\/\/api.w.org\/{rel}","templated":true}]}}