{"id":117,"date":"2019-09-24T16:44:18","date_gmt":"2019-09-24T16:44:18","guid":{"rendered":"https:\/\/patrimoineduquebec.com\/GaresduQuebec\/?page_id=117"},"modified":"2019-10-10T13:04:48","modified_gmt":"2019-10-10T13:04:48","slug":"senneterre","status":"publish","type":"page","link":"https:\/\/patrimoineduquebec.com\/GaresduQuebec\/senneterre\/","title":{"rendered":"Senneterre"},"content":{"rendered":"\n<div class=\"wp-block-image\"><figure class=\"aligncenter\"><a href=\"https:\/\/patrimoineduquebec.com\/GaresduQuebec\/wp-content\/uploads\/2019\/09\/1.jpg\"><img loading=\"lazy\" decoding=\"async\" width=\"1024\" height=\"768\" src=\"https:\/\/patrimoineduquebec.com\/GaresduQuebec\/wp-content\/uploads\/2019\/09\/1-1024x768.jpg\" alt=\"\" class=\"wp-image-118\" srcset=\"https:\/\/patrimoineduquebec.com\/GaresduQuebec\/wp-content\/uploads\/2019\/09\/1-1024x768.jpg 1024w, https:\/\/patrimoineduquebec.com\/GaresduQuebec\/wp-content\/uploads\/2019\/09\/1-300x225.jpg 300w, https:\/\/patrimoineduquebec.com\/GaresduQuebec\/wp-content\/uploads\/2019\/09\/1-768x576.jpg 768w\" sizes=\"auto, (max-width: 1024px) 100vw, 1024px\" \/><\/a><\/figure><\/div>\n\n\n\n<p><strong>Emplacement<\/strong><br><\/p>\n\n\n\n<p>La gare de Senneterre est situ\u00e9e au 171,  4e rue Ouest.<br><\/p>\n\n\n\n<p><strong>Description<\/strong><br><\/p>\n\n\n\n<p>La gare du Canadien National (CN) de Senneterre est une gare \u00e0 deux \u00e9tages de style international, construite en 1953. Elle est situ\u00e9e dans la ville de Senneterre, dans la r\u00e9gion de l&rsquo;Abitibi, au nord-ouest du Qu\u00e9bec. La reconnaissance officielle se limite au b\u00e2timent de la gare \u00e0 proprement dit.<br><\/p>\n\n\n\n<p><strong>Valeur patrimoniale<\/strong><br><\/p>\n\n\n\n<p>La gare du Canadien National (CN) de Senneterre illustre le r\u00f4le important qu&rsquo;a jou\u00e9 le chemin de fer dans la colonisation et le d\u00e9veloppement de la r\u00e9gion de l&rsquo;Abitibi, au nord-ouest du Qu\u00e9bec. Construite en remplacement d&rsquo;une ancienne gare d\u00e9truite par un incendie, la gare de Senneterre concr\u00e9tise les ambitions du CN, et son soutien \u00e0 Senneterre \u00e0 titre de plaque tournante d&rsquo;un r\u00e9seau ferroviaire en pleine expansion dans la r\u00e9gion de l&rsquo;Abitibi. Elle est repr\u00e9sentative de la p\u00e9riode de croissance de cette r\u00e9gion et de Senneterre.<br><\/p>\n\n\n\n<p>La gare de Senneterre est un bon exemple de gare de style international, construite pendant la p\u00e9riode d&rsquo;apr\u00e8s-guerre. Sa conception moderne traduit les id\u00e9aux progressistes qu&rsquo;avait le CN pendant cette p\u00e9riode.<br><\/p>\n\n\n\n<p>La gare a conserv\u00e9 ses liens avec les voies ferr\u00e9es et avec les ateliers de r\u00e9paration et d&rsquo;entretien situ\u00e9s de l&rsquo;autre c\u00f4t\u00e9 des voies \u00e0 l&rsquo;ouest de la gare. Elle demeure un p\u00f4le d&rsquo;attraction de Senneterre \u00e0 cause de sa fonction et de son emplacement dans l&rsquo;axe de la principale art\u00e8re nord-sud de la ville.<br><\/p>\n\n\n\n<p><strong>\u00c9l\u00e9ments caract\u00e9ristiques<\/strong><br><\/p>\n\n\n\n<p>Parmi les \u00e9l\u00e9ments caract\u00e9ristiques de la Gare du Canadien National de Senneterre, notons :<br>&#8211; sa masse, ses proportions et ses mat\u00e9riaux de style international<br>&#8211; son corps de b\u00e2timent compos\u00e9 : d&rsquo;un bloc rectangulaire bas de plain-pied et d&rsquo;un plus petit bloc au deuxi\u00e8me \u00e9tage, d&rsquo;un mur s&rsquo;\u00e9levant au-dessus du parapet formant un point de rep\u00e8re de la forme d&rsquo;une tour, d&rsquo;un bloc de plain-pied qui circonscrit l&rsquo;entr\u00e9e principale c\u00f4t\u00e9 ville et d&rsquo;un poste de l&rsquo;op\u00e9rateur fenestr\u00e9 rectangulaire<br>&#8211; ses toits plats<br>&#8211; son auvent en porte-\u00e0-faux \u00e9l\u00e9gamment fusel\u00e9 formant abri tout autour de l&rsquo;\u00e9difice<br>&#8211; l&rsquo;accent horizontal cr\u00e9\u00e9 par la masse basse et allong\u00e9e de l&rsquo;\u00e9difice, la continuit\u00e9 de l&rsquo;auvent, l&rsquo;assise en b\u00e9ton surmont\u00e9e de brique, le mince solin recouvrant les murs et la disposition des fen\u00eatres<br>&#8211; l&#8217;emploi de mat\u00e9riaux modernes lisses, \u00e0 savoir une assise horizontale en b\u00e9ton surmont\u00e9e d&rsquo;un parement lisse en briques rouges et un parement en granit recouvrant le bloc de l&rsquo;entr\u00e9e<br>&#8211; sa fenestration, compos\u00e9e : de fen\u00eatres horizontales continues allant de l&rsquo;assise en b\u00e9ton jusqu&rsquo;au dessous de l&rsquo;auvent (dans les zones publiques), de fen\u00eatres \u00e0 vitre unique install\u00e9es juste au-dessous de l&rsquo;auvent (dans les pi\u00e8ces de service), de fen\u00eatres \u00e0 trois carreaux de haut sur un ou deux carreaux de large, parfois combin\u00e9es avec une porte (dans les bureaux et zones de travail) et de fen\u00eatres \u00e0 un, deux ou trois carreaux de large encadr\u00e9es par une bande horizontale en b\u00e9ton (\u00e0 l&rsquo;\u00e9tage sup\u00e9rieur)<br>&#8211; sa construction en b\u00e9ton arm\u00e9 et son parement de brique et de pierre<br>&#8211; la finition et les ornements int\u00e9rieurs d&rsquo;origine pr\u00e9serv\u00e9s de la salle d&rsquo;attente et du restaurant, y compris les carreaux verniss\u00e9s jaune p\u00e2le, les planchers en terrazzo rose et l&rsquo;\u00e9clairage en rampes fluorescentes.<br><\/p>\n\n\n\n<p class=\"has-text-color has-vivid-cyan-blue-color\">Source :&nbsp;<a href=\"http:\/\/www.historicplaces.ca\/fr\/rep-reg\/place-lieu.aspx?id=4585&amp;pid=0\">L<\/a><a rel=\"noreferrer noopener\" aria-label=\"ieux patrimoniaux du Canada (s\u2019ouvre dans un nouvel onglet)\" href=\"http:\/\/www.historicplaces.ca\/fr\/rep-reg\/place-lieu.aspx?id=4585&amp;pid=0\" target=\"_blank\">ieux patrimoniaux du Canada<\/a><\/p>\n\n\n\n<p>Photos : G\u00e9rald Arbour<\/p>\n\n\n\n<ul class=\"wp-block-gallery columns-3 is-cropped wp-block-gallery-1 is-layout-flex wp-block-gallery-is-layout-flex\"><li class=\"blocks-gallery-item\"><figure><a href=\"https:\/\/patrimoineduquebec.com\/GaresduQuebec\/wp-content\/uploads\/2019\/09\/senneterre-gare-G\u00e9rald-Arbour-N1-1024x768.jpg\"><img loading=\"lazy\" decoding=\"async\" width=\"1024\" height=\"768\" src=\"https:\/\/patrimoineduquebec.com\/GaresduQuebec\/wp-content\/uploads\/2019\/09\/senneterre-gare-G\u00e9rald-Arbour-N1-1024x768.jpg\" alt=\"\" data-id=\"119\" data-link=\"https:\/\/patrimoineduquebec.com\/GaresduQuebec\/senneterre\/senneterre-gare-gerald-arbour-n1\/\" class=\"wp-image-119\" srcset=\"https:\/\/patrimoineduquebec.com\/GaresduQuebec\/wp-content\/uploads\/2019\/09\/senneterre-gare-G\u00e9rald-Arbour-N1-1024x768.jpg 1024w, https:\/\/patrimoineduquebec.com\/GaresduQuebec\/wp-content\/uploads\/2019\/09\/senneterre-gare-G\u00e9rald-Arbour-N1-300x225.jpg 300w, https:\/\/patrimoineduquebec.com\/GaresduQuebec\/wp-content\/uploads\/2019\/09\/senneterre-gare-G\u00e9rald-Arbour-N1-768x576.jpg 768w\" sizes=\"auto, (max-width: 1024px) 100vw, 1024px\" \/><\/a><\/figure><\/li><li class=\"blocks-gallery-item\"><figure><a href=\"https:\/\/patrimoineduquebec.com\/GaresduQuebec\/wp-content\/uploads\/2019\/09\/1-1024x768.jpg\"><img loading=\"lazy\" decoding=\"async\" width=\"1024\" height=\"768\" src=\"https:\/\/patrimoineduquebec.com\/GaresduQuebec\/wp-content\/uploads\/2019\/09\/1-1024x768.jpg\" alt=\"\" data-id=\"118\" data-link=\"https:\/\/patrimoineduquebec.com\/GaresduQuebec\/senneterre\/attachment\/1\/\" class=\"wp-image-118\" srcset=\"https:\/\/patrimoineduquebec.com\/GaresduQuebec\/wp-content\/uploads\/2019\/09\/1-1024x768.jpg 1024w, https:\/\/patrimoineduquebec.com\/GaresduQuebec\/wp-content\/uploads\/2019\/09\/1-300x225.jpg 300w, https:\/\/patrimoineduquebec.com\/GaresduQuebec\/wp-content\/uploads\/2019\/09\/1-768x576.jpg 768w\" sizes=\"auto, (max-width: 1024px) 100vw, 1024px\" \/><\/a><\/figure><\/li><li class=\"blocks-gallery-item\"><figure><a href=\"https:\/\/patrimoineduquebec.com\/GaresduQuebec\/wp-content\/uploads\/2019\/09\/P7298083-1024x768.jpg\"><img loading=\"lazy\" decoding=\"async\" width=\"1024\" height=\"768\" src=\"https:\/\/patrimoineduquebec.com\/GaresduQuebec\/wp-content\/uploads\/2019\/09\/P7298083-1024x768.jpg\" alt=\"\" data-id=\"363\" data-link=\"https:\/\/patrimoineduquebec.com\/GaresduQuebec\/senneterre\/olympus-digital-camera-24\/\" class=\"wp-image-363\" srcset=\"https:\/\/patrimoineduquebec.com\/GaresduQuebec\/wp-content\/uploads\/2019\/09\/P7298083-1024x768.jpg 1024w, https:\/\/patrimoineduquebec.com\/GaresduQuebec\/wp-content\/uploads\/2019\/09\/P7298083-300x225.jpg 300w, https:\/\/patrimoineduquebec.com\/GaresduQuebec\/wp-content\/uploads\/2019\/09\/P7298083-768x576.jpg 768w\" sizes=\"auto, (max-width: 1024px) 100vw, 1024px\" \/><\/a><\/figure><\/li><li class=\"blocks-gallery-item\"><figure><a href=\"https:\/\/patrimoineduquebec.com\/GaresduQuebec\/wp-content\/uploads\/2019\/09\/Capture-d\u2019\u00e9cran-le-2019-09-26-\u00e0-08.20.57.png\"><img loading=\"lazy\" decoding=\"async\" width=\"1006\" height=\"676\" src=\"https:\/\/patrimoineduquebec.com\/GaresduQuebec\/wp-content\/uploads\/2019\/09\/Capture-d\u2019\u00e9cran-le-2019-09-26-\u00e0-08.20.57.png\" alt=\"\" data-id=\"361\" data-link=\"https:\/\/patrimoineduquebec.com\/GaresduQuebec\/senneterre\/capture-decran-le-2019-09-26-a-08-20-57\/\" class=\"wp-image-361\" srcset=\"https:\/\/patrimoineduquebec.com\/GaresduQuebec\/wp-content\/uploads\/2019\/09\/Capture-d\u2019\u00e9cran-le-2019-09-26-\u00e0-08.20.57.png 1006w, https:\/\/patrimoineduquebec.com\/GaresduQuebec\/wp-content\/uploads\/2019\/09\/Capture-d\u2019\u00e9cran-le-2019-09-26-\u00e0-08.20.57-300x202.png 300w, https:\/\/patrimoineduquebec.com\/GaresduQuebec\/wp-content\/uploads\/2019\/09\/Capture-d\u2019\u00e9cran-le-2019-09-26-\u00e0-08.20.57-768x516.png 768w\" sizes=\"auto, (max-width: 1006px) 100vw, 1006px\" \/><\/a><figcaption>BAnQ 1975 (03Q,E10,S44,SS1,D75-)<\/figcaption><\/figure><\/li><\/ul>\n","protected":false},"excerpt":{"rendered":"<p>Emplacement La gare de Senneterre est situ\u00e9e au 171, 4e rue Ouest. Description La gare du Canadien National (CN) de Senneterre est une gare \u00e0 deux \u00e9tages de style international, construite en 1953. Elle est situ\u00e9e dans la ville de Senneterre, dans la r\u00e9gion de l&rsquo;Abitibi, au nord-ouest du Qu\u00e9bec. La reconnaissance officielle se limite [&hellip;]<\/p>\n","protected":false},"author":1,"featured_media":0,"parent":0,"menu_order":0,"comment_status":"closed","ping_status":"closed","template":"","meta":{"footnotes":""},"class_list":["post-117","page","type-page","status-publish","hentry"],"_links":{"self":[{"href":"https:\/\/patrimoineduquebec.com\/GaresduQuebec\/wp-json\/wp\/v2\/pages\/117","targetHints":{"allow":["GET"]}}],"collection":[{"href":"https:\/\/patrimoineduquebec.com\/GaresduQuebec\/wp-json\/wp\/v2\/pages"}],"about":[{"href":"https:\/\/patrimoineduquebec.com\/GaresduQuebec\/wp-json\/wp\/v2\/types\/page"}],"author":[{"embeddable":true,"href":"https:\/\/patrimoineduquebec.com\/GaresduQuebec\/wp-json\/wp\/v2\/users\/1"}],"replies":[{"embeddable":true,"href":"https:\/\/patrimoineduquebec.com\/GaresduQuebec\/wp-json\/wp\/v2\/comments?post=117"}],"version-history":[{"count":20,"href":"https:\/\/patrimoineduquebec.com\/GaresduQuebec\/wp-json\/wp\/v2\/pages\/117\/revisions"}],"predecessor-version":[{"id":1640,"href":"https:\/\/patrimoineduquebec.com\/GaresduQuebec\/wp-json\/wp\/v2\/pages\/117\/revisions\/1640"}],"wp:attachment":[{"href":"https:\/\/patrimoineduquebec.com\/GaresduQuebec\/wp-json\/wp\/v2\/media?parent=117"}],"curies":[{"name":"wp","href":"https:\/\/api.w.org\/{rel}","templated":true}]}}