{"id":1153,"date":"2019-10-02T15:58:11","date_gmt":"2019-10-02T15:58:11","guid":{"rendered":"https:\/\/patrimoineduquebec.com\/GaresduQuebec\/?page_id=1153"},"modified":"2019-10-13T20:14:08","modified_gmt":"2019-10-13T20:14:08","slug":"arundel","status":"publish","type":"page","link":"https:\/\/patrimoineduquebec.com\/GaresduQuebec\/arundel\/","title":{"rendered":"Arundel"},"content":{"rendered":"\n<div class=\"wp-block-image\"><figure class=\"aligncenter\"><a href=\"https:\/\/patrimoineduquebec.com\/GaresduQuebec\/wp-content\/uploads\/2019\/10\/gare-arundel-qc-364-G\u00e9rald-Arbour-N2.jpeg\"><img loading=\"lazy\" decoding=\"async\" width=\"1024\" height=\"768\" src=\"https:\/\/patrimoineduquebec.com\/GaresduQuebec\/wp-content\/uploads\/2019\/10\/gare-arundel-qc-364-G\u00e9rald-Arbour-N2-1024x768.jpeg\" alt=\"\" class=\"wp-image-1154\" srcset=\"https:\/\/patrimoineduquebec.com\/GaresduQuebec\/wp-content\/uploads\/2019\/10\/gare-arundel-qc-364-G\u00e9rald-Arbour-N2-1024x768.jpeg 1024w, https:\/\/patrimoineduquebec.com\/GaresduQuebec\/wp-content\/uploads\/2019\/10\/gare-arundel-qc-364-G\u00e9rald-Arbour-N2-300x225.jpeg 300w, https:\/\/patrimoineduquebec.com\/GaresduQuebec\/wp-content\/uploads\/2019\/10\/gare-arundel-qc-364-G\u00e9rald-Arbour-N2-768x576.jpeg 768w\" sizes=\"auto, (max-width: 1024px) 100vw, 1024px\" \/><\/a><\/figure><\/div>\n\n\n\n<h4 class=\"wp-block-heading\"><strong>Description<\/strong><\/h4>\n\n\n\n<p>Le 14, route Doctor-Henry est l&rsquo;ancienne gare du Canadien National, \u00e9rig\u00e9e en 1925. L&rsquo;\u00e9difice en bois, de petites dimensions, de plan plut\u00f4t carr\u00e9, comprenant un seul niveau d&rsquo;occupation, est coiff\u00e9 d&rsquo;un imposant toit \u00e0 croupes se prolongeant au-del\u00e0 des murs. Ses larges avant-toits sont support\u00e9s par des consoles ouvrag\u00e9es. L&rsquo;avant-corps en fa\u00e7ade principale qui singularise l&rsquo;\u00e9difice \u00e9tait initialement con\u00e7u pour l&rsquo;usage du t\u00e9l\u00e9graphiste. Les murs sont rev\u00eatus de planche \u00e0 feuillure. La gare a \u00e9t\u00e9 construite \u00e0 l&rsquo;origine plus au sud, sur le c\u00f4t\u00e9 nord-ouest de l&rsquo;intersection du chemin de la Rouge et de la route 364. Elle a \u00e9t\u00e9 d\u00e9plac\u00e9e \u00e0 son emplacement actuel en juillet 1986. Depuis le 4 juillet 1987, l&rsquo;ancienne gare abrite le bureau de poste de la municipalit\u00e9 d&rsquo;Arundel.<\/p>\n\n\n\n<p class=\"has-text-color has-vivid-cyan-blue-color\">Source :<a rel=\"noreferrer noopener\" aria-label=\" R\u00e9pertoire du patrimoine culturel du Qu\u00e9bec (s\u2019ouvre dans un nouvel onglet)\" href=\"http:\/\/www.patrimoine-culturel.gouv.qc.ca\/rpcq\/detail.do?methode=consulter&amp;id=196563&amp;type=bien#.XZTHTi17RQM\" target=\"_blank\"> R\u00e9pertoire du patrimoine culturel du Qu\u00e9bec<\/a><\/p>\n\n\n\n<p>Photos : G\u00e9rald Arbour<\/p>\n\n\n\n<ul class=\"wp-block-gallery columns-3 is-cropped wp-block-gallery-1 is-layout-flex wp-block-gallery-is-layout-flex\"><li class=\"blocks-gallery-item\"><figure><a href=\"https:\/\/patrimoineduquebec.com\/GaresduQuebec\/wp-content\/uploads\/2019\/10\/gare-arundel-qc-364-G\u00e9rald-Arbour-N4-1024x767.jpeg\"><img loading=\"lazy\" decoding=\"async\" width=\"1024\" height=\"767\" src=\"https:\/\/patrimoineduquebec.com\/GaresduQuebec\/wp-content\/uploads\/2019\/10\/gare-arundel-qc-364-G\u00e9rald-Arbour-N4-1024x767.jpeg\" alt=\"\" data-id=\"1155\" data-link=\"https:\/\/patrimoineduquebec.com\/GaresduQuebec\/arundel\/gare-arundel-qc-364-gerald-arbour-n4\/\" class=\"wp-image-1155\" srcset=\"https:\/\/patrimoineduquebec.com\/GaresduQuebec\/wp-content\/uploads\/2019\/10\/gare-arundel-qc-364-G\u00e9rald-Arbour-N4-1024x767.jpeg 1024w, https:\/\/patrimoineduquebec.com\/GaresduQuebec\/wp-content\/uploads\/2019\/10\/gare-arundel-qc-364-G\u00e9rald-Arbour-N4-300x225.jpeg 300w, https:\/\/patrimoineduquebec.com\/GaresduQuebec\/wp-content\/uploads\/2019\/10\/gare-arundel-qc-364-G\u00e9rald-Arbour-N4-768x576.jpeg 768w\" sizes=\"auto, (max-width: 1024px) 100vw, 1024px\" \/><\/a><\/figure><\/li><li class=\"blocks-gallery-item\"><figure><a href=\"https:\/\/patrimoineduquebec.com\/GaresduQuebec\/wp-content\/uploads\/2019\/10\/gare-arundel-qc-364-G\u00e9rald-Arbour-N3-1024x768.jpeg\"><img loading=\"lazy\" decoding=\"async\" width=\"1024\" height=\"768\" src=\"https:\/\/patrimoineduquebec.com\/GaresduQuebec\/wp-content\/uploads\/2019\/10\/gare-arundel-qc-364-G\u00e9rald-Arbour-N3-1024x768.jpeg\" alt=\"\" data-id=\"1156\" data-link=\"https:\/\/patrimoineduquebec.com\/GaresduQuebec\/arundel\/gare-arundel-qc-364-gerald-arbour-n3\/\" class=\"wp-image-1156\" srcset=\"https:\/\/patrimoineduquebec.com\/GaresduQuebec\/wp-content\/uploads\/2019\/10\/gare-arundel-qc-364-G\u00e9rald-Arbour-N3-1024x768.jpeg 1024w, https:\/\/patrimoineduquebec.com\/GaresduQuebec\/wp-content\/uploads\/2019\/10\/gare-arundel-qc-364-G\u00e9rald-Arbour-N3-300x225.jpeg 300w, https:\/\/patrimoineduquebec.com\/GaresduQuebec\/wp-content\/uploads\/2019\/10\/gare-arundel-qc-364-G\u00e9rald-Arbour-N3-768x576.jpeg 768w\" sizes=\"auto, (max-width: 1024px) 100vw, 1024px\" \/><\/a><\/figure><\/li><li class=\"blocks-gallery-item\"><figure><a href=\"https:\/\/patrimoineduquebec.com\/GaresduQuebec\/wp-content\/uploads\/2019\/10\/D-gare-de-arundel.jpeg\"><img loading=\"lazy\" decoding=\"async\" width=\"569\" height=\"585\" src=\"https:\/\/patrimoineduquebec.com\/GaresduQuebec\/wp-content\/uploads\/2019\/10\/D-gare-de-arundel.jpeg\" alt=\"\" data-id=\"1700\" data-link=\"https:\/\/patrimoineduquebec.com\/GaresduQuebec\/arundel\/d-gare-de-arundel\/\" class=\"wp-image-1700\" srcset=\"https:\/\/patrimoineduquebec.com\/GaresduQuebec\/wp-content\/uploads\/2019\/10\/D-gare-de-arundel.jpeg 569w, https:\/\/patrimoineduquebec.com\/GaresduQuebec\/wp-content\/uploads\/2019\/10\/D-gare-de-arundel-292x300.jpeg 292w\" sizes=\"auto, (max-width: 569px) 100vw, 569px\" \/><\/a><figcaption>1944 (Mus\u00e9e canadien des sciences et de la technologie)<\/figcaption><\/figure><\/li><\/ul>\n","protected":false},"excerpt":{"rendered":"<p>Description Le 14, route Doctor-Henry est l&rsquo;ancienne gare du Canadien National, \u00e9rig\u00e9e en 1925. L&rsquo;\u00e9difice en bois, de petites dimensions, de plan plut\u00f4t carr\u00e9, comprenant un seul niveau d&rsquo;occupation, est coiff\u00e9 d&rsquo;un imposant toit \u00e0 croupes se prolongeant au-del\u00e0 des murs. Ses larges avant-toits sont support\u00e9s par des consoles ouvrag\u00e9es. L&rsquo;avant-corps en fa\u00e7ade principale qui [&hellip;]<\/p>\n","protected":false},"author":1,"featured_media":0,"parent":0,"menu_order":0,"comment_status":"closed","ping_status":"closed","template":"","meta":{"footnotes":""},"class_list":["post-1153","page","type-page","status-publish","hentry"],"_links":{"self":[{"href":"https:\/\/patrimoineduquebec.com\/GaresduQuebec\/wp-json\/wp\/v2\/pages\/1153","targetHints":{"allow":["GET"]}}],"collection":[{"href":"https:\/\/patrimoineduquebec.com\/GaresduQuebec\/wp-json\/wp\/v2\/pages"}],"about":[{"href":"https:\/\/patrimoineduquebec.com\/GaresduQuebec\/wp-json\/wp\/v2\/types\/page"}],"author":[{"embeddable":true,"href":"https:\/\/patrimoineduquebec.com\/GaresduQuebec\/wp-json\/wp\/v2\/users\/1"}],"replies":[{"embeddable":true,"href":"https:\/\/patrimoineduquebec.com\/GaresduQuebec\/wp-json\/wp\/v2\/comments?post=1153"}],"version-history":[{"count":3,"href":"https:\/\/patrimoineduquebec.com\/GaresduQuebec\/wp-json\/wp\/v2\/pages\/1153\/revisions"}],"predecessor-version":[{"id":1702,"href":"https:\/\/patrimoineduquebec.com\/GaresduQuebec\/wp-json\/wp\/v2\/pages\/1153\/revisions\/1702"}],"wp:attachment":[{"href":"https:\/\/patrimoineduquebec.com\/GaresduQuebec\/wp-json\/wp\/v2\/media?parent=1153"}],"curies":[{"name":"wp","href":"https:\/\/api.w.org\/{rel}","templated":true}]}}