{"id":1132,"date":"2019-10-02T14:54:42","date_gmt":"2019-10-02T14:54:42","guid":{"rendered":"https:\/\/patrimoineduquebec.com\/GaresduQuebec\/?page_id=1132"},"modified":"2019-10-17T14:48:39","modified_gmt":"2019-10-17T14:48:39","slug":"hebertville-station","status":"publish","type":"page","link":"https:\/\/patrimoineduquebec.com\/GaresduQuebec\/hebertville-station\/","title":{"rendered":"H\u00e9bertville-Station"},"content":{"rendered":"\n<div class=\"wp-block-image\"><figure class=\"aligncenter\"><a href=\"https:\/\/patrimoineduquebec.com\/GaresduQuebec\/wp-content\/uploads\/2019\/10\/P8133209.jpg\"><img loading=\"lazy\" decoding=\"async\" width=\"1024\" height=\"768\" src=\"https:\/\/patrimoineduquebec.com\/GaresduQuebec\/wp-content\/uploads\/2019\/10\/P8133209-1024x768.jpg\" alt=\"\" class=\"wp-image-1133\" srcset=\"https:\/\/patrimoineduquebec.com\/GaresduQuebec\/wp-content\/uploads\/2019\/10\/P8133209-1024x768.jpg 1024w, https:\/\/patrimoineduquebec.com\/GaresduQuebec\/wp-content\/uploads\/2019\/10\/P8133209-300x225.jpg 300w, https:\/\/patrimoineduquebec.com\/GaresduQuebec\/wp-content\/uploads\/2019\/10\/P8133209-768x576.jpg 768w\" sizes=\"auto, (max-width: 1024px) 100vw, 1024px\" \/><\/a><\/figure><\/div>\n\n\n\n<h4 class=\"wp-block-heading\"><strong>DESCRIPTION DU LIEU PATRIMONIAL<\/strong><\/h4>\n\n\n\n<p>La gare VIA Rail d\u2019H\u00e9bertville-Station est un b\u00e2timent en brique \u00e0 un \u00e9tage, construit entre 1931 et 1933. Elle est situ\u00e9e dans le village d\u2019H\u00e9bertville-Station, au coeur de la r\u00e9gion du Saguenay \u2013 Lac-Saint-Jean, au Qu\u00e9bec. La reconnaissance officielle est limit\u00e9e au b\u00e2timent.<\/p>\n\n\n\n<h4 class=\"wp-block-heading\"><strong>VALEUR PATRIMONIALE<\/strong><\/h4>\n\n\n\n<p>La gare VIA Rail d\u2019H\u00e9bertville-Station t\u00e9moigne du r\u00f4le important que le chemin de fer a jou\u00e9 dans la colonisation et le d\u00e9veloppement de la r\u00e9gion du Saguenay \u2013 Lac-Saint-Jean en g\u00e9n\u00e9ral et de la municipalit\u00e9 d\u2019H\u00e9bertville-Station en particulier. La construction de la gare \u00e9tait jug\u00e9e prioritaire dans la reconstruction du village ravag\u00e9 par le feu en 1930.&nbsp;<\/p>\n\n\n\n<p>La gare VIA Rail d\u2019H\u00e9bertville-Station est un excellent exemple des gares ferroviaires de l\u2019entre deux-guerres, associant un style traditionnel \u00e0 des mat\u00e9riaux et \u00e0 des techniques de construction modernes. La gare a conserv\u00e9 son plan et ses divisions d\u2019origine. La qualit\u00e9 sup\u00e9rieure de ses mat\u00e9riaux de construction et de sa finition rappelle la volont\u00e9 du Canadien National de projeter une image \u00e0 la fois positive et d\u2019avant-garde pendant la D\u00e9pression des ann\u00e9es 1930.&nbsp;<\/p>\n\n\n\n<p>La gare conserve son lien avec la voie ferr\u00e9e ainsi qu\u2019avec les maisons et les commerces la jouxtant.&nbsp;<br><br>Sources : \u00c9nonc\u00e9 de valeur patrimoniale, H\u00e9bertville-Station, Qu\u00e9bec, 26 mars 1996; Susan D. Bronson, Rapport no 257 sur les gares ferroviaires, Gare VIA Rail (anciennement du Canadien National), H\u00e9bertville-Station, Qu\u00e9bec.<\/p>\n\n\n\n<h4 class=\"wp-block-heading\"><strong>\u00c9L\u00c9MENTS CARACT\u00c9RISTIQUES<\/strong><\/h4>\n\n\n\n<p>Les \u00e9l\u00e9ments caract\u00e9ristiques de la gare VIA Rail d\u2019H\u00e9bertville Station comprennent :<br>&#8211; sa faible \u00e9l\u00e9vation, son avant-toit en saillie, son ornementation et son toit en croupe : tous ces \u00e9l\u00e9ments d\u2019architecture rappellent les premi\u00e8res tendances esth\u00e9tiques des gares ferrovaires du tournant du si\u00e8cle;&nbsp;&nbsp;<br>&#8211; la sym\u00e9trie des fa\u00e7ades, c\u00f4t\u00e9 rails et c\u00f4t\u00e9 village, avec baies en saillie des deux c\u00f4t\u00e9s;&nbsp;&nbsp;<br>&#8211; le style Arts and Crafts : avant-toit profond reposant sur des corbeaux ornement\u00e9s jumel\u00e9s; baie carr\u00e9e faisant saillie du c\u00f4t\u00e9 des rails; fen\u00eatres \u00e0 lumi\u00e8res multiples et portes en bois \u00e0 panneaux et \u00e0 lumi\u00e8res multiples; briquetage polychrome; entr\u00e9es de style Bungalow sobres, form\u00e9es d\u2019une porte simple surmont\u00e9e d\u2019une imposte, et flanqu\u00e9e de fen\u00eatres \u00e0 guillotine; porte vitr\u00e9e dans la section de manutention des bagages;&nbsp;&nbsp;<br>&#8211; la ma\u00e7onnerie de briques textur\u00e9es de couleur brun jaun\u00e2tre, avec bandeau jaune \u00e0 intervalles r\u00e9guliers;<br>&#8211; la construction en brique t\u00e9moignant du fait que la communaut\u00e9 et la compagnie de chemin de fer voulaient r\u00e9duire les risques d\u2019incendie;<br>&#8211; son horizontalit\u00e9 : faible \u00e9l\u00e9vation toute en longueur et ma\u00e7onnerie \u00e0 bandeaux;<br>&#8211; l\u2019am\u00e9nagement spatial int\u00e9rieur : salle d\u2019attente g\u00e9n\u00e9rale, salle d\u2019attente des femmes, bureau du chef de gare, consigne et salle de messagerie;<br>&#8211; les mat\u00e9riaux et d\u00e9tails int\u00e9rieurs d\u2019origine : lambrissage \u00e0 rainure et languette dans les aires publiques, et cimaises.<\/p>\n\n\n\n<p class=\"has-text-color has-vivid-cyan-blue-color\">Source : <a href=\"https:\/\/www.historicplaces.ca\/fr\/rep-reg\/place-lieu.aspx?id=3676\" target=\"_blank\" rel=\"noreferrer noopener\" aria-label=\"Lieux patrimoniaux du Canada (s\u2019ouvre dans un nouvel onglet)\">Lieux patrimoniaux du Canada<\/a><\/p>\n\n\n\n<p>Photos : Pascal Conner<\/p>\n\n\n\n<ul class=\"wp-block-gallery columns-3 is-cropped wp-block-gallery-1 is-layout-flex wp-block-gallery-is-layout-flex\"><li class=\"blocks-gallery-item\"><figure><a href=\"https:\/\/patrimoineduquebec.com\/GaresduQuebec\/wp-content\/uploads\/2019\/10\/P8133208-1024x768.jpeg\"><img loading=\"lazy\" decoding=\"async\" width=\"1024\" height=\"768\" src=\"https:\/\/patrimoineduquebec.com\/GaresduQuebec\/wp-content\/uploads\/2019\/10\/P8133208-1024x768.jpeg\" alt=\"\" data-id=\"1136\" data-link=\"https:\/\/patrimoineduquebec.com\/GaresduQuebec\/hebertville-station\/hebertville-station-2\/\" class=\"wp-image-1136\" srcset=\"https:\/\/patrimoineduquebec.com\/GaresduQuebec\/wp-content\/uploads\/2019\/10\/P8133208-1024x768.jpeg 1024w, https:\/\/patrimoineduquebec.com\/GaresduQuebec\/wp-content\/uploads\/2019\/10\/P8133208-300x225.jpeg 300w, https:\/\/patrimoineduquebec.com\/GaresduQuebec\/wp-content\/uploads\/2019\/10\/P8133208-768x576.jpeg 768w\" sizes=\"auto, (max-width: 1024px) 100vw, 1024px\" \/><\/a><\/figure><\/li><li class=\"blocks-gallery-item\"><figure><a href=\"https:\/\/patrimoineduquebec.com\/GaresduQuebec\/wp-content\/uploads\/2019\/10\/P8133214-1024x768.jpg\"><img loading=\"lazy\" decoding=\"async\" width=\"1024\" height=\"768\" src=\"https:\/\/patrimoineduquebec.com\/GaresduQuebec\/wp-content\/uploads\/2019\/10\/P8133214-1024x768.jpg\" alt=\"\" data-id=\"1139\" data-link=\"https:\/\/patrimoineduquebec.com\/GaresduQuebec\/hebertville-station\/olympus-digital-camera-110\/\" class=\"wp-image-1139\" srcset=\"https:\/\/patrimoineduquebec.com\/GaresduQuebec\/wp-content\/uploads\/2019\/10\/P8133214-1024x768.jpg 1024w, https:\/\/patrimoineduquebec.com\/GaresduQuebec\/wp-content\/uploads\/2019\/10\/P8133214-300x225.jpg 300w, https:\/\/patrimoineduquebec.com\/GaresduQuebec\/wp-content\/uploads\/2019\/10\/P8133214-768x576.jpg 768w\" sizes=\"auto, (max-width: 1024px) 100vw, 1024px\" \/><\/a><\/figure><\/li><li class=\"blocks-gallery-item\"><figure><a href=\"https:\/\/patrimoineduquebec.com\/GaresduQuebec\/wp-content\/uploads\/2019\/10\/P8133217-1024x768.jpeg\"><img loading=\"lazy\" decoding=\"async\" width=\"1024\" height=\"768\" src=\"https:\/\/patrimoineduquebec.com\/GaresduQuebec\/wp-content\/uploads\/2019\/10\/P8133217-1024x768.jpeg\" alt=\"\" data-id=\"1137\" data-link=\"https:\/\/patrimoineduquebec.com\/GaresduQuebec\/hebertville-station\/hebertville-station-3\/\" class=\"wp-image-1137\" srcset=\"https:\/\/patrimoineduquebec.com\/GaresduQuebec\/wp-content\/uploads\/2019\/10\/P8133217-1024x768.jpeg 1024w, https:\/\/patrimoineduquebec.com\/GaresduQuebec\/wp-content\/uploads\/2019\/10\/P8133217-300x225.jpeg 300w, https:\/\/patrimoineduquebec.com\/GaresduQuebec\/wp-content\/uploads\/2019\/10\/P8133217-768x576.jpeg 768w\" sizes=\"auto, (max-width: 1024px) 100vw, 1024px\" \/><\/a><\/figure><\/li><li class=\"blocks-gallery-item\"><figure><a href=\"https:\/\/patrimoineduquebec.com\/GaresduQuebec\/wp-content\/uploads\/2019\/10\/P8130419-1024x768.jpeg\"><img loading=\"lazy\" decoding=\"async\" width=\"1024\" height=\"768\" src=\"https:\/\/patrimoineduquebec.com\/GaresduQuebec\/wp-content\/uploads\/2019\/10\/P8130419-1024x768.jpeg\" alt=\"\" data-id=\"1138\" data-link=\"https:\/\/patrimoineduquebec.com\/GaresduQuebec\/hebertville-station\/hebertville-station-4\/\" class=\"wp-image-1138\" srcset=\"https:\/\/patrimoineduquebec.com\/GaresduQuebec\/wp-content\/uploads\/2019\/10\/P8130419-1024x768.jpeg 1024w, https:\/\/patrimoineduquebec.com\/GaresduQuebec\/wp-content\/uploads\/2019\/10\/P8130419-300x225.jpeg 300w, https:\/\/patrimoineduquebec.com\/GaresduQuebec\/wp-content\/uploads\/2019\/10\/P8130419-768x576.jpeg 768w\" sizes=\"auto, (max-width: 1024px) 100vw, 1024px\" \/><\/a><\/figure><\/li><li class=\"blocks-gallery-item\"><figure><a href=\"https:\/\/patrimoineduquebec.com\/GaresduQuebec\/wp-content\/uploads\/2019\/10\/P8130414-1024x768.jpeg\"><img loading=\"lazy\" decoding=\"async\" width=\"1024\" height=\"768\" src=\"https:\/\/patrimoineduquebec.com\/GaresduQuebec\/wp-content\/uploads\/2019\/10\/P8130414-1024x768.jpeg\" alt=\"\" data-id=\"1140\" data-link=\"https:\/\/patrimoineduquebec.com\/GaresduQuebec\/hebertville-station\/hebertville-station-5\/\" class=\"wp-image-1140\" srcset=\"https:\/\/patrimoineduquebec.com\/GaresduQuebec\/wp-content\/uploads\/2019\/10\/P8130414-1024x768.jpeg 1024w, https:\/\/patrimoineduquebec.com\/GaresduQuebec\/wp-content\/uploads\/2019\/10\/P8130414-300x225.jpeg 300w, https:\/\/patrimoineduquebec.com\/GaresduQuebec\/wp-content\/uploads\/2019\/10\/P8130414-768x576.jpeg 768w\" sizes=\"auto, (max-width: 1024px) 100vw, 1024px\" \/><\/a><\/figure><\/li><li class=\"blocks-gallery-item\"><figure><a href=\"https:\/\/patrimoineduquebec.com\/GaresduQuebec\/wp-content\/uploads\/2019\/10\/C-gare-de-h\u00e9bertville-station-sh-du-lac-saint-jean.jpeg\"><img loading=\"lazy\" decoding=\"async\" width=\"469\" height=\"308\" src=\"https:\/\/patrimoineduquebec.com\/GaresduQuebec\/wp-content\/uploads\/2019\/10\/C-gare-de-h\u00e9bertville-station-sh-du-lac-saint-jean.jpeg\" alt=\"\" data-id=\"1815\" data-link=\"https:\/\/patrimoineduquebec.com\/GaresduQuebec\/hebertville-station\/c-gare-de-hebertville-station-sh-du-lac-saint-jean\/\" class=\"wp-image-1815\" srcset=\"https:\/\/patrimoineduquebec.com\/GaresduQuebec\/wp-content\/uploads\/2019\/10\/C-gare-de-h\u00e9bertville-station-sh-du-lac-saint-jean.jpeg 469w, https:\/\/patrimoineduquebec.com\/GaresduQuebec\/wp-content\/uploads\/2019\/10\/C-gare-de-h\u00e9bertville-station-sh-du-lac-saint-jean-300x197.jpeg 300w\" sizes=\"auto, (max-width: 469px) 100vw, 469px\" \/><\/a><figcaption>1967 Soci\u00e9t\u00e9 d&rsquo;histoire du Lac-Saint-Jean<\/figcaption><\/figure><\/li><\/ul>\n","protected":false},"excerpt":{"rendered":"<p>DESCRIPTION DU LIEU PATRIMONIAL La gare VIA Rail d\u2019H\u00e9bertville-Station est un b\u00e2timent en brique \u00e0 un \u00e9tage, construit entre 1931 et 1933. Elle est situ\u00e9e dans le village d\u2019H\u00e9bertville-Station, au coeur de la r\u00e9gion du Saguenay \u2013 Lac-Saint-Jean, au Qu\u00e9bec. La reconnaissance officielle est limit\u00e9e au b\u00e2timent. VALEUR PATRIMONIALE La gare VIA Rail d\u2019H\u00e9bertville-Station t\u00e9moigne [&hellip;]<\/p>\n","protected":false},"author":1,"featured_media":0,"parent":0,"menu_order":0,"comment_status":"closed","ping_status":"closed","template":"","meta":{"footnotes":""},"class_list":["post-1132","page","type-page","status-publish","hentry"],"_links":{"self":[{"href":"https:\/\/patrimoineduquebec.com\/GaresduQuebec\/wp-json\/wp\/v2\/pages\/1132","targetHints":{"allow":["GET"]}}],"collection":[{"href":"https:\/\/patrimoineduquebec.com\/GaresduQuebec\/wp-json\/wp\/v2\/pages"}],"about":[{"href":"https:\/\/patrimoineduquebec.com\/GaresduQuebec\/wp-json\/wp\/v2\/types\/page"}],"author":[{"embeddable":true,"href":"https:\/\/patrimoineduquebec.com\/GaresduQuebec\/wp-json\/wp\/v2\/users\/1"}],"replies":[{"embeddable":true,"href":"https:\/\/patrimoineduquebec.com\/GaresduQuebec\/wp-json\/wp\/v2\/comments?post=1132"}],"version-history":[{"count":5,"href":"https:\/\/patrimoineduquebec.com\/GaresduQuebec\/wp-json\/wp\/v2\/pages\/1132\/revisions"}],"predecessor-version":[{"id":1816,"href":"https:\/\/patrimoineduquebec.com\/GaresduQuebec\/wp-json\/wp\/v2\/pages\/1132\/revisions\/1816"}],"wp:attachment":[{"href":"https:\/\/patrimoineduquebec.com\/GaresduQuebec\/wp-json\/wp\/v2\/media?parent=1132"}],"curies":[{"name":"wp","href":"https:\/\/api.w.org\/{rel}","templated":true}]}}