{"id":1113,"date":"2019-10-02T14:28:56","date_gmt":"2019-10-02T14:28:56","guid":{"rendered":"https:\/\/patrimoineduquebec.com\/GaresduQuebec\/?page_id=1113"},"modified":"2023-08-08T17:57:39","modified_gmt":"2023-08-08T17:57:39","slug":"low","status":"publish","type":"page","link":"https:\/\/patrimoineduquebec.com\/GaresduQuebec\/low\/","title":{"rendered":"Low"},"content":{"rendered":"\n<p class=\"has-text-align-center has-medium-font-size\"><strong>Gare de Venosta<\/strong><\/p>\n\n\n\n<div class=\"wp-block-image\"><figure class=\"aligncenter\"><a href=\"https:\/\/patrimoineduquebec.com\/GaresduQuebec\/wp-content\/uploads\/2019\/10\/venosta-G\u00e9rald-Arbour-N10.jpeg\"><img loading=\"lazy\" decoding=\"async\" width=\"1024\" height=\"768\" src=\"https:\/\/patrimoineduquebec.com\/GaresduQuebec\/wp-content\/uploads\/2019\/10\/venosta-G\u00e9rald-Arbour-N10-1024x768.jpeg\" alt=\"\" class=\"wp-image-1114\" srcset=\"https:\/\/patrimoineduquebec.com\/GaresduQuebec\/wp-content\/uploads\/2019\/10\/venosta-G\u00e9rald-Arbour-N10-1024x768.jpeg 1024w, https:\/\/patrimoineduquebec.com\/GaresduQuebec\/wp-content\/uploads\/2019\/10\/venosta-G\u00e9rald-Arbour-N10-300x225.jpeg 300w, https:\/\/patrimoineduquebec.com\/GaresduQuebec\/wp-content\/uploads\/2019\/10\/venosta-G\u00e9rald-Arbour-N10-768x576.jpeg 768w\" sizes=\"auto, (max-width: 1024px) 100vw, 1024px\" \/><\/a><\/figure><\/div>\n\n\n\n<p><strong>Histoire :<\/strong><br><\/p>\n\n\n\n<p>La vieille gare de Venosta est situ\u00e9e au 8 chemin de la Station.<br><\/p>\n\n\n\n<p>Le hameau de Venosta, dans la municipalit\u00e9 de Low, a h\u00e9rit\u00e9 du nom pittoresque d\u2019un marquis italien, alors ministre des Affaires \u00e9trang\u00e8res lors de l\u2019\u00e9tablissement du bureau de poste dans la communaut\u00e9 en 1871. La gare de Venosta date, elle, de 1900. On retrouve les \u00e9l\u00e9ments typiques d\u2019une gare ferroviaire : hangar en bois, b\u00e2timent de briques rouges avec un guichet et une toiture \u00e9tendue pour abriter pour les voyageurs. Laiss\u00e9e \u00e0 l\u2019abandon, elle est toutefois accompagn\u00e9e d\u2019un panneau d\u2019interpr\u00e9tation. La gare est inventori\u00e9e.<br><\/p>\n\n\n\n<p>Le transport de passagers entre Ottawa et Maniwaki a \u00e9t\u00e9 abandonn\u00e9 en 1963. Celui des marchandises a \u00e9t\u00e9 maintenu jusqu\u2019en 1968 et op\u00e9r\u00e9 seulement sur demande par la suite. Le transport ferroviaire fut d\u00e9finitivement abandonn\u00e9 en 1986 et la voie ferr\u00e9e d\u00e9mantel\u00e9e. Il ne reste que le le tron\u00e7on Hull-Chelsea-Wakefield qui \u00e9tait emprunt\u00e9 par le train \u00e0 vapeur touristique, lequel ne roule plus depuis quelques ann\u00e9es.<br><\/p>\n\n\n\n<p class=\"has-vivid-cyan-blue-color has-text-color\"><strong>Sources&nbsp;<a rel=\"noreferrer noopener\" aria-label=\":&nbsp;Reseaupatrimoine.ca (s\u2019ouvre dans un nouvel onglet)\" href=\"http:\/\/www.reseaupatrimoine.ca\/sur-les-traces-du-patrimoine\/fiches\/ancienne-gare-de-venosta\/\" target=\"_blank\">:&nbsp;<\/a><\/strong><a rel=\"noreferrer noopener\" aria-label=\":&nbsp;Reseaupatrimoine.ca (s\u2019ouvre dans un nouvel onglet)\" href=\"http:\/\/www.reseaupatrimoine.ca\/sur-les-traces-du-patrimoine\/fiches\/ancienne-gare-de-venosta\/\" target=\"_blank\">Reseaupatrimoine.ca<\/a><\/p>\n\n\n\n<p>Photos : G\u00e9rald Arbour<\/p>\n\n\n\n<figure class=\"wp-block-gallery columns-3 is-cropped wp-block-gallery-1 is-layout-flex wp-block-gallery-is-layout-flex\"><ul class=\"blocks-gallery-grid\"><li class=\"blocks-gallery-item\"><figure><a href=\"https:\/\/patrimoineduquebec.com\/GaresduQuebec\/wp-content\/uploads\/2019\/10\/venosta-G\u00e9rald-Arbour-N4-1024x769.jpeg\"><img loading=\"lazy\" decoding=\"async\" width=\"1024\" height=\"769\" src=\"https:\/\/patrimoineduquebec.com\/GaresduQuebec\/wp-content\/uploads\/2019\/10\/venosta-G\u00e9rald-Arbour-N4-1024x769.jpeg\" alt=\"\" data-id=\"1115\" data-link=\"https:\/\/patrimoineduquebec.com\/GaresduQuebec\/low\/venosta-gerald-arbour-n4\/\" class=\"wp-image-1115\" srcset=\"https:\/\/patrimoineduquebec.com\/GaresduQuebec\/wp-content\/uploads\/2019\/10\/venosta-G\u00e9rald-Arbour-N4-1024x769.jpeg 1024w, https:\/\/patrimoineduquebec.com\/GaresduQuebec\/wp-content\/uploads\/2019\/10\/venosta-G\u00e9rald-Arbour-N4-300x225.jpeg 300w, https:\/\/patrimoineduquebec.com\/GaresduQuebec\/wp-content\/uploads\/2019\/10\/venosta-G\u00e9rald-Arbour-N4-768x576.jpeg 768w\" sizes=\"auto, (max-width: 1024px) 100vw, 1024px\" \/><\/a><\/figure><\/li><li class=\"blocks-gallery-item\"><figure><a href=\"https:\/\/patrimoineduquebec.com\/GaresduQuebec\/wp-content\/uploads\/2019\/10\/venosta-G\u00e9rald-Arbour-N6-1024x768.jpeg\"><img loading=\"lazy\" decoding=\"async\" width=\"1024\" height=\"768\" src=\"https:\/\/patrimoineduquebec.com\/GaresduQuebec\/wp-content\/uploads\/2019\/10\/venosta-G\u00e9rald-Arbour-N6-1024x768.jpeg\" alt=\"\" data-id=\"1116\" data-link=\"https:\/\/patrimoineduquebec.com\/GaresduQuebec\/low\/venosta-gerald-arbour-n6\/\" class=\"wp-image-1116\" srcset=\"https:\/\/patrimoineduquebec.com\/GaresduQuebec\/wp-content\/uploads\/2019\/10\/venosta-G\u00e9rald-Arbour-N6-1024x768.jpeg 1024w, https:\/\/patrimoineduquebec.com\/GaresduQuebec\/wp-content\/uploads\/2019\/10\/venosta-G\u00e9rald-Arbour-N6-300x225.jpeg 300w, https:\/\/patrimoineduquebec.com\/GaresduQuebec\/wp-content\/uploads\/2019\/10\/venosta-G\u00e9rald-Arbour-N6-768x576.jpeg 768w\" sizes=\"auto, (max-width: 1024px) 100vw, 1024px\" \/><\/a><\/figure><\/li><li class=\"blocks-gallery-item\"><figure><a href=\"https:\/\/patrimoineduquebec.com\/GaresduQuebec\/wp-content\/uploads\/2019\/10\/venosta-G\u00e9rald-Arbour-N7-1024x768.jpeg\"><img loading=\"lazy\" decoding=\"async\" width=\"1024\" height=\"768\" src=\"https:\/\/patrimoineduquebec.com\/GaresduQuebec\/wp-content\/uploads\/2019\/10\/venosta-G\u00e9rald-Arbour-N7-1024x768.jpeg\" alt=\"\" data-id=\"1117\" data-link=\"https:\/\/patrimoineduquebec.com\/GaresduQuebec\/low\/venosta-gerald-arbour-n7\/\" class=\"wp-image-1117\" srcset=\"https:\/\/patrimoineduquebec.com\/GaresduQuebec\/wp-content\/uploads\/2019\/10\/venosta-G\u00e9rald-Arbour-N7-1024x768.jpeg 1024w, https:\/\/patrimoineduquebec.com\/GaresduQuebec\/wp-content\/uploads\/2019\/10\/venosta-G\u00e9rald-Arbour-N7-300x225.jpeg 300w, https:\/\/patrimoineduquebec.com\/GaresduQuebec\/wp-content\/uploads\/2019\/10\/venosta-G\u00e9rald-Arbour-N7-768x576.jpeg 768w\" sizes=\"auto, (max-width: 1024px) 100vw, 1024px\" \/><\/a><\/figure><\/li><li class=\"blocks-gallery-item\"><figure><a href=\"https:\/\/patrimoineduquebec.com\/GaresduQuebec\/wp-content\/uploads\/2019\/10\/C-gare-de-venosta-facebook.jpeg\"><img loading=\"lazy\" decoding=\"async\" width=\"593\" height=\"390\" src=\"https:\/\/patrimoineduquebec.com\/GaresduQuebec\/wp-content\/uploads\/2019\/10\/C-gare-de-venosta-facebook.jpeg\" alt=\"\" data-id=\"1782\" data-link=\"https:\/\/patrimoineduquebec.com\/GaresduQuebec\/low\/c-gare-de-venosta-facebook\/\" class=\"wp-image-1782\" srcset=\"https:\/\/patrimoineduquebec.com\/GaresduQuebec\/wp-content\/uploads\/2019\/10\/C-gare-de-venosta-facebook.jpeg 593w, https:\/\/patrimoineduquebec.com\/GaresduQuebec\/wp-content\/uploads\/2019\/10\/C-gare-de-venosta-facebook-300x197.jpeg 300w\" sizes=\"auto, (max-width: 593px) 100vw, 593px\" \/><\/a><figcaption class=\"blocks-gallery-item__caption\">Photo Facebook<\/figcaption><\/figure><\/li><\/ul><\/figure>\n\n\n\n<p><\/p>\n","protected":false},"excerpt":{"rendered":"<p>Gare de Venosta Histoire : La vieille gare de Venosta est situ\u00e9e au 8 chemin de la Station. Le hameau de Venosta, dans la municipalit\u00e9 de Low, a h\u00e9rit\u00e9 du nom pittoresque d\u2019un marquis italien, alors ministre des Affaires \u00e9trang\u00e8res lors de l\u2019\u00e9tablissement du bureau de poste dans la communaut\u00e9 en 1871. La gare de [&hellip;]<\/p>\n","protected":false},"author":1,"featured_media":0,"parent":0,"menu_order":0,"comment_status":"closed","ping_status":"closed","template":"","meta":{"footnotes":""},"class_list":["post-1113","page","type-page","status-publish","hentry"],"_links":{"self":[{"href":"https:\/\/patrimoineduquebec.com\/GaresduQuebec\/wp-json\/wp\/v2\/pages\/1113","targetHints":{"allow":["GET"]}}],"collection":[{"href":"https:\/\/patrimoineduquebec.com\/GaresduQuebec\/wp-json\/wp\/v2\/pages"}],"about":[{"href":"https:\/\/patrimoineduquebec.com\/GaresduQuebec\/wp-json\/wp\/v2\/types\/page"}],"author":[{"embeddable":true,"href":"https:\/\/patrimoineduquebec.com\/GaresduQuebec\/wp-json\/wp\/v2\/users\/1"}],"replies":[{"embeddable":true,"href":"https:\/\/patrimoineduquebec.com\/GaresduQuebec\/wp-json\/wp\/v2\/comments?post=1113"}],"version-history":[{"count":6,"href":"https:\/\/patrimoineduquebec.com\/GaresduQuebec\/wp-json\/wp\/v2\/pages\/1113\/revisions"}],"predecessor-version":[{"id":2132,"href":"https:\/\/patrimoineduquebec.com\/GaresduQuebec\/wp-json\/wp\/v2\/pages\/1113\/revisions\/2132"}],"wp:attachment":[{"href":"https:\/\/patrimoineduquebec.com\/GaresduQuebec\/wp-json\/wp\/v2\/media?parent=1113"}],"curies":[{"name":"wp","href":"https:\/\/api.w.org\/{rel}","templated":true}]}}