{"id":1104,"date":"2019-10-02T14:18:08","date_gmt":"2019-10-02T14:18:08","guid":{"rendered":"https:\/\/patrimoineduquebec.com\/GaresduQuebec\/?page_id=1104"},"modified":"2019-10-12T15:02:03","modified_gmt":"2019-10-12T15:02:03","slug":"montebello","status":"publish","type":"page","link":"https:\/\/patrimoineduquebec.com\/GaresduQuebec\/montebello\/","title":{"rendered":"Montebello"},"content":{"rendered":"\n<div class=\"wp-block-image\"><figure class=\"aligncenter\"><a href=\"https:\/\/patrimoineduquebec.com\/GaresduQuebec\/wp-content\/uploads\/2019\/10\/P9300198.jpeg\"><img loading=\"lazy\" decoding=\"async\" width=\"1024\" height=\"768\" src=\"https:\/\/patrimoineduquebec.com\/GaresduQuebec\/wp-content\/uploads\/2019\/10\/P9300198-1024x768.jpeg\" alt=\"\" class=\"wp-image-1105\" srcset=\"https:\/\/patrimoineduquebec.com\/GaresduQuebec\/wp-content\/uploads\/2019\/10\/P9300198-1024x768.jpeg 1024w, https:\/\/patrimoineduquebec.com\/GaresduQuebec\/wp-content\/uploads\/2019\/10\/P9300198-300x225.jpeg 300w, https:\/\/patrimoineduquebec.com\/GaresduQuebec\/wp-content\/uploads\/2019\/10\/P9300198-768x576.jpeg 768w\" sizes=\"auto, (max-width: 1024px) 100vw, 1024px\" \/><\/a><\/figure><\/div>\n\n\n\n<h4 class=\"wp-block-heading\">I<strong>nformations historiques<\/strong><\/h4>\n\n\n\n<p>La gare de Montebello, construite en 1931 par le Canadien Pacifique, ressemble aux gares du Qu\u00e9bec de style \u00ab chalet suisse \u00bb qui sont construites \u00e0 cette \u00e9poque par la compagnie ferroviaire. Son architecture s&rsquo;agence avec le style en bois rond en plus de s&rsquo;inspirer du Ch\u00e2teau Montebello situ\u00e9 tout pr\u00e8s. La gare est construite avec des billots de c\u00e8dre rouge mont\u00e9s \u00e0 l&rsquo;horizontale, l&rsquo;un sur l&rsquo;autre, selon une technique scandinave.<br><br>Dessin\u00e9e par les architectes Kent et White, la nouvelle gare est b\u00e2tie avec le surplus de billots arriv\u00e9s \u00e0 la Petite-Nation de la Colombie-Britannique et de l&rsquo;Ouest am\u00e9ricain par trains entiers du CP, pour l&rsquo;\u00e9rection du c\u00e9l\u00e8bre ch\u00e2teau.<br><br>La gare se trouve dans l&rsquo;axe du circuit transcontinental reliant les cit\u00e9s qu\u00e9b\u00e9coises et canadiennes ainsi que les grandes villes \u00e9tasuniennes (Montr\u00e9al, Ottawa, Qu\u00e9bec, Chicago, Buffalo, Pittsburgh, Cleveland, Boston et New York). Malheureusement, de 1972 \u00e0 1981, bien qu&rsquo;un ralentissement du circuit permette toujours \u00e0 la gare d&rsquo;accueillir des passagers, il n&rsquo;y a plus de personnel permanent en place. Puis, le 9 septembre 1981, la liaison ferroviaire Montr\u00e9al-Lachute-Montebello-Ottawa s&rsquo;\u00e9teint. Le b\u00e2timent est ensuite mis en vente par le CP. La Corporation de la Gare de Montebello Inc., avec l&rsquo;aide des gouvernements et d&rsquo;autres collaborateurs, acquiert et d\u00e9m\u00e9nage la gare sur son site actuel. L&rsquo;immeuble est ensuite recycl\u00e9 \u00e0 des fins publiques.<\/p>\n\n\n\n<p class=\"has-text-color has-vivid-cyan-blue-color\">Source <a href=\"http:\/\/www.patrimoine-culturel.gouv.qc.ca\/rpcq\/detail.do?methode=consulter&amp;id=168732&amp;type=bien#.XZSvWS17RQM\" target=\"_blank\" rel=\"noreferrer noopener\" aria-label=\": R\u00e9pertoire du patrimoine culturel du Qu\u00e9bec (s\u2019ouvre dans un nouvel onglet)\">: R\u00e9pertoire du patrimoine culturel du Qu\u00e9bec<\/a><\/p>\n\n\n\n<p>Photos : Pascal Conner<\/p>\n\n\n\n<ul class=\"wp-block-gallery columns-3 is-cropped wp-block-gallery-1 is-layout-flex wp-block-gallery-is-layout-flex\"><li class=\"blocks-gallery-item\"><figure><a href=\"https:\/\/patrimoineduquebec.com\/GaresduQuebec\/wp-content\/uploads\/2019\/10\/P9300204-1024x768.jpeg\"><img loading=\"lazy\" decoding=\"async\" width=\"1024\" height=\"768\" src=\"https:\/\/patrimoineduquebec.com\/GaresduQuebec\/wp-content\/uploads\/2019\/10\/P9300204-1024x768.jpeg\" alt=\"\" data-id=\"1106\" data-link=\"https:\/\/patrimoineduquebec.com\/GaresduQuebec\/montebello\/olympus-digital-camera-103\/\" class=\"wp-image-1106\" srcset=\"https:\/\/patrimoineduquebec.com\/GaresduQuebec\/wp-content\/uploads\/2019\/10\/P9300204-1024x768.jpeg 1024w, https:\/\/patrimoineduquebec.com\/GaresduQuebec\/wp-content\/uploads\/2019\/10\/P9300204-300x225.jpeg 300w, https:\/\/patrimoineduquebec.com\/GaresduQuebec\/wp-content\/uploads\/2019\/10\/P9300204-768x576.jpeg 768w\" sizes=\"auto, (max-width: 1024px) 100vw, 1024px\" \/><\/a><\/figure><\/li><li class=\"blocks-gallery-item\"><figure><a href=\"https:\/\/patrimoineduquebec.com\/GaresduQuebec\/wp-content\/uploads\/2019\/10\/P9300200-1024x768.jpeg\"><img loading=\"lazy\" decoding=\"async\" width=\"1024\" height=\"768\" src=\"https:\/\/patrimoineduquebec.com\/GaresduQuebec\/wp-content\/uploads\/2019\/10\/P9300200-1024x768.jpeg\" alt=\"\" data-id=\"1107\" data-link=\"https:\/\/patrimoineduquebec.com\/GaresduQuebec\/montebello\/olympus-digital-camera-104\/\" class=\"wp-image-1107\" srcset=\"https:\/\/patrimoineduquebec.com\/GaresduQuebec\/wp-content\/uploads\/2019\/10\/P9300200-1024x768.jpeg 1024w, https:\/\/patrimoineduquebec.com\/GaresduQuebec\/wp-content\/uploads\/2019\/10\/P9300200-300x225.jpeg 300w, https:\/\/patrimoineduquebec.com\/GaresduQuebec\/wp-content\/uploads\/2019\/10\/P9300200-768x576.jpeg 768w\" sizes=\"auto, (max-width: 1024px) 100vw, 1024px\" \/><\/a><\/figure><\/li><li class=\"blocks-gallery-item\"><figure><a href=\"https:\/\/patrimoineduquebec.com\/GaresduQuebec\/wp-content\/uploads\/2019\/10\/P9300215-1024x768.jpeg\"><img loading=\"lazy\" decoding=\"async\" width=\"1024\" height=\"768\" src=\"https:\/\/patrimoineduquebec.com\/GaresduQuebec\/wp-content\/uploads\/2019\/10\/P9300215-1024x768.jpeg\" alt=\"\" data-id=\"1108\" data-link=\"https:\/\/patrimoineduquebec.com\/GaresduQuebec\/montebello\/olympus-digital-camera-105\/\" class=\"wp-image-1108\" srcset=\"https:\/\/patrimoineduquebec.com\/GaresduQuebec\/wp-content\/uploads\/2019\/10\/P9300215-1024x768.jpeg 1024w, https:\/\/patrimoineduquebec.com\/GaresduQuebec\/wp-content\/uploads\/2019\/10\/P9300215-300x225.jpeg 300w, https:\/\/patrimoineduquebec.com\/GaresduQuebec\/wp-content\/uploads\/2019\/10\/P9300215-768x576.jpeg 768w\" sizes=\"auto, (max-width: 1024px) 100vw, 1024px\" \/><\/a><\/figure><\/li><li class=\"blocks-gallery-item\"><figure><a href=\"https:\/\/patrimoineduquebec.com\/GaresduQuebec\/wp-content\/uploads\/2019\/10\/P9300208-1024x768.jpeg\"><img loading=\"lazy\" decoding=\"async\" width=\"1024\" height=\"768\" src=\"https:\/\/patrimoineduquebec.com\/GaresduQuebec\/wp-content\/uploads\/2019\/10\/P9300208-1024x768.jpeg\" alt=\"\" data-id=\"1109\" data-link=\"https:\/\/patrimoineduquebec.com\/GaresduQuebec\/montebello\/olympus-digital-camera-106\/\" class=\"wp-image-1109\" srcset=\"https:\/\/patrimoineduquebec.com\/GaresduQuebec\/wp-content\/uploads\/2019\/10\/P9300208-1024x768.jpeg 1024w, https:\/\/patrimoineduquebec.com\/GaresduQuebec\/wp-content\/uploads\/2019\/10\/P9300208-300x225.jpeg 300w, https:\/\/patrimoineduquebec.com\/GaresduQuebec\/wp-content\/uploads\/2019\/10\/P9300208-768x576.jpeg 768w\" sizes=\"auto, (max-width: 1024px) 100vw, 1024px\" \/><\/a><\/figure><\/li><li class=\"blocks-gallery-item\"><figure><a href=\"https:\/\/patrimoineduquebec.com\/GaresduQuebec\/wp-content\/uploads\/2019\/10\/2636035-1024x665.jpg\"><img loading=\"lazy\" decoding=\"async\" width=\"1024\" height=\"665\" src=\"https:\/\/patrimoineduquebec.com\/GaresduQuebec\/wp-content\/uploads\/2019\/10\/2636035-1024x665.jpg\" alt=\"\" data-id=\"1110\" data-link=\"https:\/\/patrimoineduquebec.com\/GaresduQuebec\/montebello\/attachment\/2636035\/\" class=\"wp-image-1110\" srcset=\"https:\/\/patrimoineduquebec.com\/GaresduQuebec\/wp-content\/uploads\/2019\/10\/2636035.jpg 1024w, https:\/\/patrimoineduquebec.com\/GaresduQuebec\/wp-content\/uploads\/2019\/10\/2636035-300x195.jpg 300w, https:\/\/patrimoineduquebec.com\/GaresduQuebec\/wp-content\/uploads\/2019\/10\/2636035-768x499.jpg 768w\" sizes=\"auto, (max-width: 1024px) 100vw, 1024px\" \/><\/a><figcaption>BAnQ (CP1061,CON)<\/figcaption><\/figure><\/li><li class=\"blocks-gallery-item\"><figure><a href=\"https:\/\/patrimoineduquebec.com\/GaresduQuebec\/wp-content\/uploads\/2019\/10\/C-gare-de-montebello.jpeg\"><img loading=\"lazy\" decoding=\"async\" width=\"769\" height=\"684\" src=\"https:\/\/patrimoineduquebec.com\/GaresduQuebec\/wp-content\/uploads\/2019\/10\/C-gare-de-montebello.jpeg\" alt=\"\" data-id=\"1679\" data-link=\"https:\/\/patrimoineduquebec.com\/GaresduQuebec\/montebello\/c-gare-de-montebello\/\" class=\"wp-image-1679\" srcset=\"https:\/\/patrimoineduquebec.com\/GaresduQuebec\/wp-content\/uploads\/2019\/10\/C-gare-de-montebello.jpeg 769w, https:\/\/patrimoineduquebec.com\/GaresduQuebec\/wp-content\/uploads\/2019\/10\/C-gare-de-montebello-300x267.jpeg 300w, https:\/\/patrimoineduquebec.com\/GaresduQuebec\/wp-content\/uploads\/2019\/10\/C-gare-de-montebello-768x683.jpeg 768w\" sizes=\"auto, (max-width: 769px) 100vw, 769px\" \/><\/a><\/figure><\/li><\/ul>\n","protected":false},"excerpt":{"rendered":"<p>Informations historiques La gare de Montebello, construite en 1931 par le Canadien Pacifique, ressemble aux gares du Qu\u00e9bec de style \u00ab chalet suisse \u00bb qui sont construites \u00e0 cette \u00e9poque par la compagnie ferroviaire. Son architecture s&rsquo;agence avec le style en bois rond en plus de s&rsquo;inspirer du Ch\u00e2teau Montebello situ\u00e9 tout pr\u00e8s. La gare [&hellip;]<\/p>\n","protected":false},"author":1,"featured_media":0,"parent":0,"menu_order":0,"comment_status":"closed","ping_status":"closed","template":"","meta":{"footnotes":""},"class_list":["post-1104","page","type-page","status-publish","hentry"],"_links":{"self":[{"href":"https:\/\/patrimoineduquebec.com\/GaresduQuebec\/wp-json\/wp\/v2\/pages\/1104","targetHints":{"allow":["GET"]}}],"collection":[{"href":"https:\/\/patrimoineduquebec.com\/GaresduQuebec\/wp-json\/wp\/v2\/pages"}],"about":[{"href":"https:\/\/patrimoineduquebec.com\/GaresduQuebec\/wp-json\/wp\/v2\/types\/page"}],"author":[{"embeddable":true,"href":"https:\/\/patrimoineduquebec.com\/GaresduQuebec\/wp-json\/wp\/v2\/users\/1"}],"replies":[{"embeddable":true,"href":"https:\/\/patrimoineduquebec.com\/GaresduQuebec\/wp-json\/wp\/v2\/comments?post=1104"}],"version-history":[{"count":2,"href":"https:\/\/patrimoineduquebec.com\/GaresduQuebec\/wp-json\/wp\/v2\/pages\/1104\/revisions"}],"predecessor-version":[{"id":1680,"href":"https:\/\/patrimoineduquebec.com\/GaresduQuebec\/wp-json\/wp\/v2\/pages\/1104\/revisions\/1680"}],"wp:attachment":[{"href":"https:\/\/patrimoineduquebec.com\/GaresduQuebec\/wp-json\/wp\/v2\/media?parent=1104"}],"curies":[{"name":"wp","href":"https:\/\/api.w.org\/{rel}","templated":true}]}}