{"id":1000,"date":"2019-10-01T17:09:30","date_gmt":"2019-10-01T17:09:30","guid":{"rendered":"https:\/\/patrimoineduquebec.com\/GaresduQuebec\/?page_id=1000"},"modified":"2019-10-05T14:02:10","modified_gmt":"2019-10-05T14:02:10","slug":"saint-jean-sur-richelieu","status":"publish","type":"page","link":"https:\/\/patrimoineduquebec.com\/GaresduQuebec\/saint-jean-sur-richelieu\/","title":{"rendered":"Saint-Jean-sur-Richelieu"},"content":{"rendered":"\n<p style=\"text-align:center\" class=\"has-medium-font-size\"><strong>Gare du Canadien Pacifique (CP)<\/strong><\/p>\n\n\n\n<div class=\"wp-block-image\"><figure class=\"aligncenter\"><a href=\"https:\/\/patrimoineduquebec.com\/GaresduQuebec\/wp-content\/uploads\/2019\/10\/DSCN3892.jpeg\"><img loading=\"lazy\" decoding=\"async\" width=\"1024\" height=\"768\" src=\"https:\/\/patrimoineduquebec.com\/GaresduQuebec\/wp-content\/uploads\/2019\/10\/DSCN3892-1024x768.jpeg\" alt=\"\" class=\"wp-image-1001\" srcset=\"https:\/\/patrimoineduquebec.com\/GaresduQuebec\/wp-content\/uploads\/2019\/10\/DSCN3892-1024x768.jpeg 1024w, https:\/\/patrimoineduquebec.com\/GaresduQuebec\/wp-content\/uploads\/2019\/10\/DSCN3892-300x225.jpeg 300w, https:\/\/patrimoineduquebec.com\/GaresduQuebec\/wp-content\/uploads\/2019\/10\/DSCN3892-768x576.jpeg 768w\" sizes=\"auto, (max-width: 1024px) 100vw, 1024px\" \/><\/a><\/figure><\/div>\n\n\n\n<p class=\"has-text-color has-very-dark-gray-color\">La&nbsp;gare de Saint-Jean-sur-Richelieu&nbsp;est une ancienne&nbsp;<a href=\"https:\/\/fr.wikipedia.org\/wiki\/Gare_ferroviaire\">gare ferroviaire<\/a>&nbsp;<a href=\"https:\/\/fr.wikipedia.org\/wiki\/Canada\">canadienne<\/a>, situ\u00e9e \u00e0&nbsp;<a href=\"https:\/\/fr.wikipedia.org\/wiki\/Saint-Jean-sur-Richelieu\">Saint-Jean-sur-Richelieu<\/a>&nbsp;au&nbsp;<a href=\"https:\/\/fr.wikipedia.org\/wiki\/Qu%C3%A9bec\">Qu\u00e9bec<\/a>.&nbsp;<\/p>\n\n\n\n<p class=\"has-text-color has-very-dark-gray-color\">Elle est ouverte en 1887 par le&nbsp;<a href=\"https:\/\/fr.wikipedia.org\/wiki\/Canadien_Pacifique\">Canadien Pacifique<\/a>&nbsp;(CP). Son b\u00e2timent est inscrit \u00ab&nbsp;<a href=\"https:\/\/fr.wikipedia.org\/wiki\/Gares_ferroviaires_patrimoniales_du_Canada\">gare ferroviaire patrimoniale<\/a>&nbsp;\u00bb en 1995.<\/p>\n\n\n\n<h4 class=\"wp-block-heading\"><strong>Histoire<\/strong><\/h4>\n\n\n\n<p class=\"has-text-color has-very-dark-gray-color\">La gare de Saint-Jean-sur-Richelieu a \u00e9t\u00e9 construite en 1887 sur une ligne de chemin de fer secondaire d\u2019origine du\u00a0<a href=\"https:\/\/fr.wikipedia.org\/wiki\/Canadien_Pacifique\">Canadien Pacifique<\/a>\u00a0(CP). \u00c9tablie entre\u00a0<a href=\"https:\/\/fr.wikipedia.org\/wiki\/Montr%C3%A9al\">Montr\u00e9al<\/a>\u00a0et la c\u00f4te de l\u2019<a href=\"https:\/\/fr.wikipedia.org\/wiki\/Atlantique\">Atlantique<\/a>, cette ligne fait alors partie du projet de relier un oc\u00e9an \u00e0 l&rsquo;autre par chemin de fer. Elle dispose de l&rsquo;un des premiers b\u00e2timents ferroviaires, de la compagnie CP, \u00e0 \u00eatre construit en briques et d\u00e9pourvu de locaux d\u2019habitation.<\/p>\n\n\n\n<p class=\"has-text-color has-very-dark-gray-color\"><a href=\"https:\/\/fr.wikipedia.org\/wiki\/Gare_de_Saint-Jean-sur-Richelieu_(Canadien_Pacifique)#cite_note-2\">Le b\u00e2timent est agrandi deux fois, en 1906 puis en 1950, doublant ainsi sa superficie d\u2019origine. Il sert de mod\u00e8le type pour le b\u00e2timent construit dans de nombreuses autres gares au cours des d\u00e9cennies qui suivent. C&rsquo;est surtout le principe g\u00e9n\u00e9ral qui est retenu, son volume et de sa conception de base<\/a><a href=\"https:\/\/fr.wikipedia.org\/wiki\/Gare_de_Saint-Jean-sur-Richelieu_(Canadien_Pacifique)#cite_note-lieux-1\">.<\/a><\/p>\n\n\n\n<p class=\"has-text-color has-vivid-cyan-blue-color\">S<a href=\"https:\/\/fr.wikipedia.org\/wiki\/Gare_de_Saint-Jean-sur-Richelieu_(Canadien_Pacifique)\" target=\"_blank\" rel=\"noreferrer noopener\" aria-label=\"ource : Wikip\u00e9dia (s\u2019ouvre dans un nouvel onglet)\">ource : Wikip\u00e9dia<\/a><\/p>\n\n\n\n<p>Photos : Monique Bellemare<\/p>\n\n\n\n<ul class=\"wp-block-gallery columns-3 is-cropped wp-block-gallery-1 is-layout-flex wp-block-gallery-is-layout-flex\"><li class=\"blocks-gallery-item\"><figure><a href=\"https:\/\/patrimoineduquebec.com\/GaresduQuebec\/wp-content\/uploads\/2019\/10\/St-Jean-1024x763.jpeg\"><img loading=\"lazy\" decoding=\"async\" width=\"1024\" height=\"763\" src=\"https:\/\/patrimoineduquebec.com\/GaresduQuebec\/wp-content\/uploads\/2019\/10\/St-Jean-1024x763.jpeg\" alt=\"\" data-id=\"1002\" data-link=\"https:\/\/patrimoineduquebec.com\/GaresduQuebec\/?attachment_id=1002\" class=\"wp-image-1002\" srcset=\"https:\/\/patrimoineduquebec.com\/GaresduQuebec\/wp-content\/uploads\/2019\/10\/St-Jean-1024x763.jpeg 1024w, https:\/\/patrimoineduquebec.com\/GaresduQuebec\/wp-content\/uploads\/2019\/10\/St-Jean-300x223.jpeg 300w, https:\/\/patrimoineduquebec.com\/GaresduQuebec\/wp-content\/uploads\/2019\/10\/St-Jean-768x572.jpeg 768w\" sizes=\"auto, (max-width: 1024px) 100vw, 1024px\" \/><\/a><\/figure><\/li><li class=\"blocks-gallery-item\"><figure><a href=\"https:\/\/patrimoineduquebec.com\/GaresduQuebec\/wp-content\/uploads\/2019\/10\/DSCN3898-1024x768.jpeg\"><img loading=\"lazy\" decoding=\"async\" width=\"1024\" height=\"768\" src=\"https:\/\/patrimoineduquebec.com\/GaresduQuebec\/wp-content\/uploads\/2019\/10\/DSCN3898-1024x768.jpeg\" alt=\"\" data-id=\"1003\" data-link=\"https:\/\/patrimoineduquebec.com\/GaresduQuebec\/?attachment_id=1003\" class=\"wp-image-1003\" srcset=\"https:\/\/patrimoineduquebec.com\/GaresduQuebec\/wp-content\/uploads\/2019\/10\/DSCN3898-1024x768.jpeg 1024w, https:\/\/patrimoineduquebec.com\/GaresduQuebec\/wp-content\/uploads\/2019\/10\/DSCN3898-300x225.jpeg 300w, https:\/\/patrimoineduquebec.com\/GaresduQuebec\/wp-content\/uploads\/2019\/10\/DSCN3898-768x576.jpeg 768w\" sizes=\"auto, (max-width: 1024px) 100vw, 1024px\" \/><\/a><\/figure><\/li><li class=\"blocks-gallery-item\"><figure><a href=\"https:\/\/patrimoineduquebec.com\/GaresduQuebec\/wp-content\/uploads\/2019\/10\/DSCN3896-1024x768.jpeg\"><img loading=\"lazy\" decoding=\"async\" width=\"1024\" height=\"768\" src=\"https:\/\/patrimoineduquebec.com\/GaresduQuebec\/wp-content\/uploads\/2019\/10\/DSCN3896-1024x768.jpeg\" alt=\"\" data-id=\"1004\" data-link=\"https:\/\/patrimoineduquebec.com\/GaresduQuebec\/?attachment_id=1004\" class=\"wp-image-1004\" srcset=\"https:\/\/patrimoineduquebec.com\/GaresduQuebec\/wp-content\/uploads\/2019\/10\/DSCN3896-1024x768.jpeg 1024w, https:\/\/patrimoineduquebec.com\/GaresduQuebec\/wp-content\/uploads\/2019\/10\/DSCN3896-300x225.jpeg 300w, https:\/\/patrimoineduquebec.com\/GaresduQuebec\/wp-content\/uploads\/2019\/10\/DSCN3896-768x576.jpeg 768w\" sizes=\"auto, (max-width: 1024px) 100vw, 1024px\" \/><\/a><\/figure><\/li><li class=\"blocks-gallery-item\"><figure><a href=\"https:\/\/patrimoineduquebec.com\/GaresduQuebec\/wp-content\/uploads\/2019\/10\/2635731-1024x619.jpg\"><img loading=\"lazy\" decoding=\"async\" width=\"1024\" height=\"619\" src=\"https:\/\/patrimoineduquebec.com\/GaresduQuebec\/wp-content\/uploads\/2019\/10\/2635731-1024x619.jpg\" alt=\"\" data-id=\"1005\" data-link=\"https:\/\/patrimoineduquebec.com\/GaresduQuebec\/?attachment_id=1005\" class=\"wp-image-1005\" srcset=\"https:\/\/patrimoineduquebec.com\/GaresduQuebec\/wp-content\/uploads\/2019\/10\/2635731.jpg 1024w, https:\/\/patrimoineduquebec.com\/GaresduQuebec\/wp-content\/uploads\/2019\/10\/2635731-300x181.jpg 300w, https:\/\/patrimoineduquebec.com\/GaresduQuebec\/wp-content\/uploads\/2019\/10\/2635731-768x464.jpg 768w\" sizes=\"auto, (max-width: 1024px) 100vw, 1024px\" \/><\/a><figcaption>BAnQ (CP 1669)<\/figcaption><\/figure><\/li><\/ul>\n","protected":false},"excerpt":{"rendered":"<p>Gare du Canadien Pacifique (CP) La&nbsp;gare de Saint-Jean-sur-Richelieu&nbsp;est une ancienne&nbsp;gare ferroviaire&nbsp;canadienne, situ\u00e9e \u00e0&nbsp;Saint-Jean-sur-Richelieu&nbsp;au&nbsp;Qu\u00e9bec.&nbsp; Elle est ouverte en 1887 par le&nbsp;Canadien Pacifique&nbsp;(CP). Son b\u00e2timent est inscrit \u00ab&nbsp;gare ferroviaire patrimoniale&nbsp;\u00bb en 1995. Histoire La gare de Saint-Jean-sur-Richelieu a \u00e9t\u00e9 construite en 1887 sur une ligne de chemin de fer secondaire d\u2019origine du\u00a0Canadien Pacifique\u00a0(CP). \u00c9tablie entre\u00a0Montr\u00e9al\u00a0et la c\u00f4te [&hellip;]<\/p>\n","protected":false},"author":1,"featured_media":0,"parent":0,"menu_order":0,"comment_status":"closed","ping_status":"closed","template":"","meta":{"footnotes":""},"class_list":["post-1000","page","type-page","status-publish","hentry"],"_links":{"self":[{"href":"https:\/\/patrimoineduquebec.com\/GaresduQuebec\/wp-json\/wp\/v2\/pages\/1000","targetHints":{"allow":["GET"]}}],"collection":[{"href":"https:\/\/patrimoineduquebec.com\/GaresduQuebec\/wp-json\/wp\/v2\/pages"}],"about":[{"href":"https:\/\/patrimoineduquebec.com\/GaresduQuebec\/wp-json\/wp\/v2\/types\/page"}],"author":[{"embeddable":true,"href":"https:\/\/patrimoineduquebec.com\/GaresduQuebec\/wp-json\/wp\/v2\/users\/1"}],"replies":[{"embeddable":true,"href":"https:\/\/patrimoineduquebec.com\/GaresduQuebec\/wp-json\/wp\/v2\/comments?post=1000"}],"version-history":[{"count":4,"href":"https:\/\/patrimoineduquebec.com\/GaresduQuebec\/wp-json\/wp\/v2\/pages\/1000\/revisions"}],"predecessor-version":[{"id":1354,"href":"https:\/\/patrimoineduquebec.com\/GaresduQuebec\/wp-json\/wp\/v2\/pages\/1000\/revisions\/1354"}],"wp:attachment":[{"href":"https:\/\/patrimoineduquebec.com\/GaresduQuebec\/wp-json\/wp\/v2\/media?parent=1000"}],"curies":[{"name":"wp","href":"https:\/\/api.w.org\/{rel}","templated":true}]}}